{"id":393,"date":"2021-11-02T11:06:02","date_gmt":"2021-11-02T10:06:02","guid":{"rendered":"https:\/\/sec-systems.pl\/?page_id=393"},"modified":"2026-02-05T13:23:27","modified_gmt":"2026-02-05T12:23:27","slug":"marynarka-wojenna","status":"publish","type":"page","link":"https:\/\/sec-systems.pl\/pl\/oferujemy\/marynarka-wojenna\/","title":{"rendered":"MARYNARKA WOJENNA"},"content":{"rendered":"\t\t<div data-elementor-type=\"wp-page\" data-elementor-id=\"393\" class=\"elementor elementor-393\" data-elementor-post-type=\"page\">\n\t\t\t\t\t\t\t\t\t<section class=\"elementor-section elementor-top-section elementor-element elementor-element-5aec5ae elementor-section-boxed elementor-section-height-default elementor-section-height-default\" data-id=\"5aec5ae\" data-element_type=\"section\" data-settings=\"{&quot;background_background&quot;:&quot;classic&quot;}\">\n\t\t\t\t\t\t<div class=\"elementor-container elementor-column-gap-default\">\n\t\t\t\t\t<div class=\"elementor-column elementor-col-100 elementor-top-column elementor-element elementor-element-3902608\" data-id=\"3902608\" data-element_type=\"column\">\n\t\t\t<div class=\"elementor-widget-wrap elementor-element-populated\">\n\t\t\t\t\t\t\t\t<div class=\"elementor-element elementor-element-aaa7283 elementor-widget elementor-widget-spacer\" data-id=\"aaa7283\" data-element_type=\"widget\" data-widget_type=\"spacer.default\">\n\t\t\t\t<div class=\"elementor-widget-container\">\n\t\t\t\t\t<div class=\"elementor-spacer\">\n\t\t\t<div class=\"elementor-spacer-inner\"><\/div>\n\t\t<\/div>\n\t\t\t\t<\/div>\n\t\t\t\t<\/div>\n\t\t\t\t\t<\/div>\n\t\t<\/div>\n\t\t\t\t\t\t\t<\/div>\n\t\t<\/section>\n\t\t\t\t<section class=\"elementor-section elementor-top-section elementor-element elementor-element-23e898f elementor-section-boxed elementor-section-height-default elementor-section-height-default\" data-id=\"23e898f\" data-element_type=\"section\" data-settings=\"{&quot;background_background&quot;:&quot;classic&quot;}\">\n\t\t\t\t\t\t<div class=\"elementor-container elementor-column-gap-default\">\n\t\t\t\t\t<div class=\"elementor-column elementor-col-100 elementor-top-column elementor-element elementor-element-61eefff\" data-id=\"61eefff\" data-element_type=\"column\">\n\t\t\t<div class=\"elementor-widget-wrap elementor-element-populated\">\n\t\t\t\t\t\t\t\t<div class=\"elementor-element elementor-element-1270e8a elementor-widget elementor-widget-spacer\" data-id=\"1270e8a\" data-element_type=\"widget\" data-widget_type=\"spacer.default\">\n\t\t\t\t<div class=\"elementor-widget-container\">\n\t\t\t\t\t<div class=\"elementor-spacer\">\n\t\t\t<div class=\"elementor-spacer-inner\"><\/div>\n\t\t<\/div>\n\t\t\t\t<\/div>\n\t\t\t\t<\/div>\n\t\t\t\t<div class=\"elementor-element elementor-element-89c037f elementor-position-left elementor-view-default elementor-mobile-position-top elementor-vertical-align-top elementor-widget elementor-widget-icon-box\" data-id=\"89c037f\" data-element_type=\"widget\" data-widget_type=\"icon-box.default\">\n\t\t\t\t<div class=\"elementor-widget-container\">\n\t\t\t\t\t<div class=\"elementor-icon-box-wrapper\">\n\t\t\t\t\t\t<div class=\"elementor-icon-box-icon\">\n\t\t\t\t<span  class=\"elementor-icon elementor-animation-\">\n\t\t\t\t<i aria-hidden=\"true\" class=\"fas fa-square-full\"><\/i>\t\t\t\t<\/span>\n\t\t\t<\/div>\n\t\t\t\t\t\t<div class=\"elementor-icon-box-content\">\n\t\t\t\t<h3 class=\"elementor-icon-box-title\">\n\t\t\t\t\t<span  >\n\t\t\t\t\t\tMARYNARKA WOJENNA\t\t\t\t\t<\/span>\n\t\t\t\t<\/h3>\n\t\t\t\t\t\t\t<\/div>\n\t\t<\/div>\n\t\t\t\t<\/div>\n\t\t\t\t<\/div>\n\t\t\t\t\t<\/div>\n\t\t<\/div>\n\t\t\t\t\t\t\t<\/div>\n\t\t<\/section>\n\t\t\t\t<section class=\"elementor-section elementor-top-section elementor-element elementor-element-3a9dc69 elementor-section-boxed elementor-section-height-default elementor-section-height-default\" data-id=\"3a9dc69\" data-element_type=\"section\">\n\t\t\t\t\t\t<div class=\"elementor-container elementor-column-gap-default\">\n\t\t\t\t\t<div class=\"elementor-column elementor-col-50 elementor-top-column elementor-element elementor-element-a3b0a51\" data-id=\"a3b0a51\" data-element_type=\"column\">\n\t\t\t<div class=\"elementor-widget-wrap elementor-element-populated\">\n\t\t\t\t\t\t\t\t<div class=\"elementor-element elementor-element-1e273a8 elementor-widget elementor-widget-text-editor\" data-id=\"1e273a8\" data-element_type=\"widget\" data-widget_type=\"text-editor.default\">\n\t\t\t\t<div class=\"elementor-widget-container\">\n\t\t\t\t\t\t\t<p><strong>FAMOS MARINE INTERIOR SYSTEMS<\/strong> produkuje unikatowy system \u015bcian, sufit\u00f3w, drzwi, mebli i modu\u0142\u00f3w sanitarnych dedykowany dla jednostek wojskowych i specjalistycznych o wysokich wymaganiach dotycz\u0105cych odporno\u015bci na wibracje i wstrz\u0105sy (\u201eAnti-Shock\u201d).<\/p>\t\t\t\t\t\t<\/div>\n\t\t\t\t<\/div>\n\t\t\t\t\t<\/div>\n\t\t<\/div>\n\t\t\t\t<div class=\"elementor-column elementor-col-50 elementor-top-column elementor-element elementor-element-80bcb1b\" data-id=\"80bcb1b\" data-element_type=\"column\">\n\t\t\t<div class=\"elementor-widget-wrap elementor-element-populated\">\n\t\t\t\t\t\t\t\t<div class=\"elementor-element elementor-element-47d567e elementor-widget elementor-widget-text-editor\" data-id=\"47d567e\" data-element_type=\"widget\" data-widget_type=\"text-editor.default\">\n\t\t\t\t<div class=\"elementor-widget-container\">\n\t\t\t\t\t\t\t<p>Nasze produkty s\u0105 indywidualnie projektowane pod wymagania klienta i projekt co pozwala zapewni\u0107 niska mas\u0119 systemu, szybki monta\u017c i demonta\u017c, najwy\u017csz\u0105 jako\u015b\u0107 i rwa\u0142o\u015b\u0107.<\/p>\t\t\t\t\t\t<\/div>\n\t\t\t\t<\/div>\n\t\t\t\t\t<\/div>\n\t\t<\/div>\n\t\t\t\t\t\t\t<\/div>\n\t\t<\/section>\n\t\t\t\t<section class=\"elementor-section elementor-top-section elementor-element elementor-element-7b700c6 elementor-hidden-desktop elementor-hidden-tablet elementor-hidden-mobile elementor-section-boxed elementor-section-height-default elementor-section-height-default\" data-id=\"7b700c6\" data-element_type=\"section\">\n\t\t\t\t\t\t<div class=\"elementor-container elementor-column-gap-default\">\n\t\t\t\t\t<div class=\"elementor-column elementor-col-100 elementor-top-column elementor-element elementor-element-57048d6\" data-id=\"57048d6\" data-element_type=\"column\">\n\t\t\t<div class=\"elementor-widget-wrap elementor-element-populated\">\n\t\t\t\t\t\t\t\t<div class=\"elementor-element elementor-element-3c07fc2 elementor-widget elementor-widget-text-editor\" data-id=\"3c07fc2\" data-element_type=\"widget\" data-widget_type=\"text-editor.default\">\n\t\t\t\t<div class=\"elementor-widget-container\">\n\t\t\t\t\t\t\t<p><span style=\"font-weight: 400;\"><strong>SEC SYSTEMS<\/strong> posiada w swojej ofercie panele \u015bcienne, sufitowe jak r\u00f3wnie\u017c wyposa\u017cenie wymagane na specjalistycznym rynku, jakim s\u0105 p\u0142ywaj\u0105ce jednostki wojskowe. Posiadamy wieloletnie do\u015bwiadczenie w produkcji, jak r\u00f3wnie\u017c w monta\u017cu w tym wymagaj\u0105cym sektorze. Ch\u0119tnie poka\u017cemy referencje, kt\u00f3re otrzymali\u015bmy od dotychczasowych klient\u00f3w.<\/span><\/p><p><span style=\"font-weight: 400;\">Posiadamy wiedz\u0119 niezb\u0119dn\u0105 do produkcji paneli \u015bciennych oraz sufitowych opartych o technologi\u0119\u00a0 <\/span><b>aluminiowego plastra miodu <\/b><span style=\"font-weight: 400;\">\u00a0z indywidualnym wyko\u0144czeniem zgodnym z wymaganiami klienta. Wszystkie produkty, kt\u00f3re oferujemy, charakteryzuj\u0105 si\u0119 najwy\u017csz\u0105 jako\u015bci\u0105 i trwa\u0142o\u015bci\u0105 oraz personalizacj\u0105 do projektu, kt\u00f3rego staj\u0105 si\u0119 cz\u0119\u015bci\u0105.\u00a0<\/span><\/p><p><span style=\"font-weight: 400;\">Zastosowanie: Jednostki Wojskowe, Specjalistyczne.<\/span><\/p>\t\t\t\t\t\t<\/div>\n\t\t\t\t<\/div>\n\t\t\t\t\t<\/div>\n\t\t<\/div>\n\t\t\t\t\t\t\t<\/div>\n\t\t<\/section>\n\t\t\t\t<section class=\"elementor-section elementor-top-section elementor-element elementor-element-fb6412c elementor-section-boxed elementor-section-height-default elementor-section-height-default\" data-id=\"fb6412c\" data-element_type=\"section\">\n\t\t\t\t\t\t<div class=\"elementor-container elementor-column-gap-default\">\n\t\t\t\t\t<div class=\"elementor-column elementor-col-50 elementor-top-column elementor-element elementor-element-13eecef\" data-id=\"13eecef\" data-element_type=\"column\">\n\t\t\t<div class=\"elementor-widget-wrap elementor-element-populated\">\n\t\t\t\t\t\t\t\t<div class=\"elementor-element elementor-element-948b32f elementor-hidden-desktop elementor-hidden-tablet elementor-hidden-mobile elementor-widget elementor-widget-heading\" data-id=\"948b32f\" data-element_type=\"widget\" data-widget_type=\"heading.default\">\n\t\t\t\t<div class=\"elementor-widget-container\">\n\t\t\t<h2 class=\"elementor-heading-title elementor-size-default\">najwa\u017cniejsze zalety naszych produkt\u00f3w to:<\/h2>\t\t<\/div>\n\t\t\t\t<\/div>\n\t\t\t\t<div class=\"elementor-element elementor-element-5dde6a8 elementor-widget elementor-widget-heading\" data-id=\"5dde6a8\" data-element_type=\"widget\" data-widget_type=\"heading.default\">\n\t\t\t\t<div class=\"elementor-widget-container\">\n\t\t\t<h2 class=\"elementor-heading-title elementor-size-default\">najwa\u017cniejsze zalety naszych produkt\u00f3w to:<\/h2>\t\t<\/div>\n\t\t\t\t<\/div>\n\t\t\t\t<div class=\"elementor-element elementor-element-822fd5e elementor-icon-list--layout-traditional elementor-list-item-link-full_width elementor-widget elementor-widget-icon-list\" data-id=\"822fd5e\" data-element_type=\"widget\" data-widget_type=\"icon-list.default\">\n\t\t\t\t<div class=\"elementor-widget-container\">\n\t\t\t\t\t<ul class=\"elementor-icon-list-items\">\n\t\t\t\t\t\t\t<li class=\"elementor-icon-list-item\">\n\t\t\t\t\t\t\t\t\t\t\t<span class=\"elementor-icon-list-icon\">\n\t\t\t\t\t\t\t<i aria-hidden=\"true\" class=\"fas fa-check\"><\/i>\t\t\t\t\t\t<\/span>\n\t\t\t\t\t\t\t\t\t\t<span class=\"elementor-icon-list-text\">Bardzo niska masa w\u0142a\u015bciwa ka\u017cdego produktu<\/span>\n\t\t\t\t\t\t\t\t\t<\/li>\n\t\t\t\t\t\t\t\t<li class=\"elementor-icon-list-item\">\n\t\t\t\t\t\t\t\t\t\t\t<span class=\"elementor-icon-list-icon\">\n\t\t\t\t\t\t\t<i aria-hidden=\"true\" class=\"fas fa-check\"><\/i>\t\t\t\t\t\t<\/span>\n\t\t\t\t\t\t\t\t\t\t<span class=\"elementor-icon-list-text\">Wytrzyma\u0142o\u015b\u0107 przy jednoczesnej odporno\u015bci na deformacje. Bardzo wysoki wsp\u00f3\u0142czynnik \u201eSchock absorbing\u201d<\/span>\n\t\t\t\t\t\t\t\t\t<\/li>\n\t\t\t\t\t\t\t\t<li class=\"elementor-icon-list-item\">\n\t\t\t\t\t\t\t\t\t\t\t<span class=\"elementor-icon-list-icon\">\n\t\t\t\t\t\t\t<i aria-hidden=\"true\" class=\"fas fa-check\"><\/i>\t\t\t\t\t\t<\/span>\n\t\t\t\t\t\t\t\t\t\t<span class=\"elementor-icon-list-text\">Odporno\u015b\u0107 ogniowa<\/span>\n\t\t\t\t\t\t\t\t\t<\/li>\n\t\t\t\t\t\t\t\t<li class=\"elementor-icon-list-item\">\n\t\t\t\t\t\t\t\t\t\t\t<span class=\"elementor-icon-list-icon\">\n\t\t\t\t\t\t\t<i aria-hidden=\"true\" class=\"fas fa-check\"><\/i>\t\t\t\t\t\t<\/span>\n\t\t\t\t\t\t\t\t\t\t<span class=\"elementor-icon-list-text\">Mo\u017cliwo\u015b\u0107 rozbudowy o dodatkowe parametry, np. redukcj\u0119 ha\u0142asu<\/span>\n\t\t\t\t\t\t\t\t\t<\/li>\n\t\t\t\t\t\t<\/ul>\n\t\t\t\t<\/div>\n\t\t\t\t<\/div>\n\t\t\t\t\t<\/div>\n\t\t<\/div>\n\t\t\t\t<div class=\"elementor-column elementor-col-50 elementor-top-column elementor-element elementor-element-edd6f03\" data-id=\"edd6f03\" data-element_type=\"column\">\n\t\t\t<div class=\"elementor-widget-wrap elementor-element-populated\">\n\t\t\t\t\t\t\t\t<div class=\"elementor-element elementor-element-4cfcb98 elementor-hidden-desktop elementor-hidden-tablet elementor-hidden-mobile elementor-widget elementor-widget-heading\" data-id=\"4cfcb98\" data-element_type=\"widget\" data-widget_type=\"heading.default\">\n\t\t\t\t<div class=\"elementor-widget-container\">\n\t\t\t<h2 class=\"elementor-heading-title elementor-size-default\">w swojej ofercie posiadamy r\u00f3wnie\u017c mo\u017cliwo\u015b\u0107 produkcji mebli opartych na technologii plastra miodu:<\/h2>\t\t<\/div>\n\t\t\t\t<\/div>\n\t\t\t\t<div class=\"elementor-element elementor-element-cf16e27 elementor-widget elementor-widget-heading\" data-id=\"cf16e27\" data-element_type=\"widget\" data-widget_type=\"heading.default\">\n\t\t\t\t<div class=\"elementor-widget-container\">\n\t\t\t<h2 class=\"elementor-heading-title elementor-size-default\">w swojej ofercie posiadamy r\u00f3wnie\u017c mo\u017cliwo\u015b\u0107 produkcji mebli opartych na technologii plastra miodu:<\/h2>\t\t<\/div>\n\t\t\t\t<\/div>\n\t\t\t\t<div class=\"elementor-element elementor-element-9462428 elementor-widget elementor-widget-image\" data-id=\"9462428\" data-element_type=\"widget\" data-widget_type=\"image.default\">\n\t\t\t\t<div class=\"elementor-widget-container\">\n\t\t\t\t\t\t\t\t\t\t\t\t\t\t\t<img loading=\"lazy\" decoding=\"async\" width=\"800\" height=\"412\" src=\"https:\/\/sec-systems.pl\/wp-content\/uploads\/2021\/11\/honey.png\" class=\"attachment-large size-large wp-image-425\" alt=\"\" srcset=\"https:\/\/sec-systems.pl\/wp-content\/uploads\/2021\/11\/honey.png 900w, https:\/\/sec-systems.pl\/wp-content\/uploads\/2021\/11\/honey-300x155.png 300w, https:\/\/sec-systems.pl\/wp-content\/uploads\/2021\/11\/honey-768x396.png 768w\" sizes=\"auto, (max-width: 800px) 100vw, 800px\" \/>\t\t\t\t\t\t\t\t\t\t\t\t\t\t\t<\/div>\n\t\t\t\t<\/div>\n\t\t\t\t\t<\/div>\n\t\t<\/div>\n\t\t\t\t\t\t\t<\/div>\n\t\t<\/section>\n\t\t\t\t<section class=\"elementor-section elementor-top-section elementor-element elementor-element-0d8f351 elementor-section-boxed elementor-section-height-default elementor-section-height-default\" data-id=\"0d8f351\" data-element_type=\"section\">\n\t\t\t\t\t\t<div class=\"elementor-container elementor-column-gap-default\">\n\t\t\t\t\t<div class=\"elementor-column elementor-col-100 elementor-top-column elementor-element elementor-element-cd22d60\" data-id=\"cd22d60\" data-element_type=\"column\">\n\t\t\t<div class=\"elementor-widget-wrap elementor-element-populated\">\n\t\t\t\t\t\t\t\t<div class=\"elementor-element elementor-element-914acca elementor-widget elementor-widget-spacer\" data-id=\"914acca\" data-element_type=\"widget\" data-widget_type=\"spacer.default\">\n\t\t\t\t<div class=\"elementor-widget-container\">\n\t\t\t\t\t<div class=\"elementor-spacer\">\n\t\t\t<div class=\"elementor-spacer-inner\"><\/div>\n\t\t<\/div>\n\t\t\t\t<\/div>\n\t\t\t\t<\/div>\n\t\t\t\t\t<\/div>\n\t\t<\/div>\n\t\t\t\t\t\t\t<\/div>\n\t\t<\/section>\n\t\t\t\t\t\t\t<\/div>\n\t\t","protected":false},"excerpt":{"rendered":"<p>MARYNARKA WOJENNA FAMOS MARINE INTERIOR SYSTEMS produkuje unikatowy system \u015bcian, sufit\u00f3w, drzwi, mebli i modu\u0142\u00f3w sanitarnych dedykowany dla jednostek wojskowych i specjalistycznych o wysokich wymaganiach dotycz\u0105cych odporno\u015bci na wibracje i wstrz\u0105sy (\u201eAnti-Shock\u201d). Nasze produkty s\u0105 indywidualnie projektowane pod wymagania klienta i projekt co pozwala zapewni\u0107 niska mas\u0119 systemu, szybki monta\u017c i demonta\u017c, najwy\u017csz\u0105 jako\u015b\u0107 i [&hellip;]<\/p>\n","protected":false},"author":1,"featured_media":0,"parent":123,"menu_order":0,"comment_status":"closed","ping_status":"closed","template":"","meta":{"footnotes":""},"class_list":["post-393","page","type-page","status-publish","hentry"],"yoast_head":"<!-- This site is optimized with the Yoast SEO plugin v27.0 - https:\/\/yoast.com\/product\/yoast-seo-wordpress\/ -->\n<title>MARYNARKA WOJENNA - FAMOS MARINE INTERIOR SYSTEMS<\/title>\n<meta name=\"robots\" content=\"index, follow, max-snippet:-1, max-image-preview:large, max-video-preview:-1\" \/>\n<link rel=\"canonical\" href=\"https:\/\/sec-systems.pl\/we-offer\/navy\/\" \/>\n<meta property=\"og:locale\" content=\"pl_PL\" \/>\n<meta property=\"og:type\" content=\"article\" \/>\n<meta property=\"og:title\" content=\"MARYNARKA WOJENNA - FAMOS MARINE INTERIOR SYSTEMS\" \/>\n<meta property=\"og:description\" content=\"MARYNARKA WOJENNA FAMOS MARINE INTERIOR SYSTEMS produkuje unikatowy system \u015bcian, sufit\u00f3w, drzwi, mebli i modu\u0142\u00f3w sanitarnych dedykowany dla jednostek wojskowych i specjalistycznych o wysokich wymaganiach dotycz\u0105cych odporno\u015bci na wibracje i wstrz\u0105sy (\u201eAnti-Shock\u201d). Nasze produkty s\u0105 indywidualnie projektowane pod wymagania klienta i projekt co pozwala zapewni\u0107 niska mas\u0119 systemu, szybki monta\u017c i demonta\u017c, najwy\u017csz\u0105 jako\u015b\u0107 i [&hellip;]\" \/>\n<meta property=\"og:url\" content=\"https:\/\/sec-systems.pl\/we-offer\/navy\/\" \/>\n<meta property=\"og:site_name\" content=\"FAMOS MARINE INTERIOR SYSTEMS\" \/>\n<meta property=\"article:modified_time\" content=\"2026-02-05T12:23:27+00:00\" \/>\n<meta property=\"og:image\" content=\"https:\/\/sec-systems.pl\/wp-content\/uploads\/2021\/11\/honey.png\" \/>\n<meta name=\"twitter:card\" content=\"summary_large_image\" \/>\n<meta name=\"twitter:label1\" content=\"Szacowany czas czytania\" \/>\n\t<meta name=\"twitter:data1\" content=\"2 minuty\" \/>\n<script type=\"application\/ld+json\" class=\"yoast-schema-graph\">{\"@context\":\"https:\/\/schema.org\",\"@graph\":[{\"@type\":\"WebPage\",\"@id\":\"https:\/\/sec-systems.pl\/we-offer\/navy\/\",\"url\":\"https:\/\/sec-systems.pl\/we-offer\/navy\/\",\"name\":\"MARYNARKA WOJENNA - FAMOS MARINE INTERIOR SYSTEMS\",\"isPartOf\":{\"@id\":\"https:\/\/sec-systems.pl\/#website\"},\"primaryImageOfPage\":{\"@id\":\"https:\/\/sec-systems.pl\/we-offer\/navy\/#primaryimage\"},\"image\":{\"@id\":\"https:\/\/sec-systems.pl\/we-offer\/navy\/#primaryimage\"},\"thumbnailUrl\":\"https:\/\/sec-systems.pl\/wp-content\/uploads\/2021\/11\/honey.png\",\"datePublished\":\"2021-11-02T10:06:02+00:00\",\"dateModified\":\"2026-02-05T12:23:27+00:00\",\"breadcrumb\":{\"@id\":\"https:\/\/sec-systems.pl\/we-offer\/navy\/#breadcrumb\"},\"inLanguage\":\"pl-PL\",\"potentialAction\":[{\"@type\":\"ReadAction\",\"target\":[\"https:\/\/sec-systems.pl\/we-offer\/navy\/\"]}]},{\"@type\":\"ImageObject\",\"inLanguage\":\"pl-PL\",\"@id\":\"https:\/\/sec-systems.pl\/we-offer\/navy\/#primaryimage\",\"url\":\"https:\/\/sec-systems.pl\/wp-content\/uploads\/2021\/11\/honey.png\",\"contentUrl\":\"https:\/\/sec-systems.pl\/wp-content\/uploads\/2021\/11\/honey.png\"},{\"@type\":\"BreadcrumbList\",\"@id\":\"https:\/\/sec-systems.pl\/we-offer\/navy\/#breadcrumb\",\"itemListElement\":[{\"@type\":\"ListItem\",\"position\":1,\"name\":\"Home\",\"item\":\"https:\/\/sec-systems.pl\/\"},{\"@type\":\"ListItem\",\"position\":2,\"name\":\"OFERUJEMY\",\"item\":\"https:\/\/sec-systems.pl\/pl\/oferujemy\/\"},{\"@type\":\"ListItem\",\"position\":3,\"name\":\"MARYNARKA WOJENNA\"}]},{\"@type\":\"WebSite\",\"@id\":\"https:\/\/sec-systems.pl\/#website\",\"url\":\"https:\/\/sec-systems.pl\/\",\"name\":\"FAMOS MARINE INTERIOR SYSTEMS\",\"description\":\"\",\"publisher\":{\"@id\":\"https:\/\/sec-systems.pl\/#organization\"},\"potentialAction\":[{\"@type\":\"SearchAction\",\"target\":{\"@type\":\"EntryPoint\",\"urlTemplate\":\"https:\/\/sec-systems.pl\/?s={search_term_string}\"},\"query-input\":{\"@type\":\"PropertyValueSpecification\",\"valueRequired\":true,\"valueName\":\"search_term_string\"}}],\"inLanguage\":\"pl-PL\"},{\"@type\":\"Organization\",\"@id\":\"https:\/\/sec-systems.pl\/#organization\",\"name\":\"FAMOS MARINE INTERIOR SYSTEMS\",\"url\":\"https:\/\/sec-systems.pl\/\",\"logo\":{\"@type\":\"ImageObject\",\"inLanguage\":\"pl-PL\",\"@id\":\"https:\/\/sec-systems.pl\/#\/schema\/logo\/image\/\",\"url\":\"https:\/\/sec-systems.pl\/wp-content\/uploads\/2021\/10\/logo_sec_uc.png\",\"contentUrl\":\"https:\/\/sec-systems.pl\/wp-content\/uploads\/2021\/10\/logo_sec_uc.png\",\"width\":300,\"height\":200,\"caption\":\"FAMOS MARINE INTERIOR SYSTEMS\"},\"image\":{\"@id\":\"https:\/\/sec-systems.pl\/#\/schema\/logo\/image\/\"}}]}<\/script>\n<!-- \/ Yoast SEO plugin. -->","yoast_head_json":{"title":"MARYNARKA WOJENNA - FAMOS MARINE INTERIOR SYSTEMS","robots":{"index":"index","follow":"follow","max-snippet":"max-snippet:-1","max-image-preview":"max-image-preview:large","max-video-preview":"max-video-preview:-1"},"canonical":"https:\/\/sec-systems.pl\/we-offer\/navy\/","og_locale":"pl_PL","og_type":"article","og_title":"MARYNARKA WOJENNA - FAMOS MARINE INTERIOR SYSTEMS","og_description":"MARYNARKA WOJENNA FAMOS MARINE INTERIOR SYSTEMS produkuje unikatowy system \u015bcian, sufit\u00f3w, drzwi, mebli i modu\u0142\u00f3w sanitarnych dedykowany dla jednostek wojskowych i specjalistycznych o wysokich wymaganiach dotycz\u0105cych odporno\u015bci na wibracje i wstrz\u0105sy (\u201eAnti-Shock\u201d). Nasze produkty s\u0105 indywidualnie projektowane pod wymagania klienta i projekt co pozwala zapewni\u0107 niska mas\u0119 systemu, szybki monta\u017c i demonta\u017c, najwy\u017csz\u0105 jako\u015b\u0107 i [&hellip;]","og_url":"https:\/\/sec-systems.pl\/we-offer\/navy\/","og_site_name":"FAMOS MARINE INTERIOR SYSTEMS","article_modified_time":"2026-02-05T12:23:27+00:00","og_image":[{"url":"https:\/\/sec-systems.pl\/wp-content\/uploads\/2021\/11\/honey.png","type":"","width":"","height":""}],"twitter_card":"summary_large_image","twitter_misc":{"Szacowany czas czytania":"2 minuty"},"schema":{"@context":"https:\/\/schema.org","@graph":[{"@type":"WebPage","@id":"https:\/\/sec-systems.pl\/we-offer\/navy\/","url":"https:\/\/sec-systems.pl\/we-offer\/navy\/","name":"MARYNARKA WOJENNA - FAMOS MARINE INTERIOR SYSTEMS","isPartOf":{"@id":"https:\/\/sec-systems.pl\/#website"},"primaryImageOfPage":{"@id":"https:\/\/sec-systems.pl\/we-offer\/navy\/#primaryimage"},"image":{"@id":"https:\/\/sec-systems.pl\/we-offer\/navy\/#primaryimage"},"thumbnailUrl":"https:\/\/sec-systems.pl\/wp-content\/uploads\/2021\/11\/honey.png","datePublished":"2021-11-02T10:06:02+00:00","dateModified":"2026-02-05T12:23:27+00:00","breadcrumb":{"@id":"https:\/\/sec-systems.pl\/we-offer\/navy\/#breadcrumb"},"inLanguage":"pl-PL","potentialAction":[{"@type":"ReadAction","target":["https:\/\/sec-systems.pl\/we-offer\/navy\/"]}]},{"@type":"ImageObject","inLanguage":"pl-PL","@id":"https:\/\/sec-systems.pl\/we-offer\/navy\/#primaryimage","url":"https:\/\/sec-systems.pl\/wp-content\/uploads\/2021\/11\/honey.png","contentUrl":"https:\/\/sec-systems.pl\/wp-content\/uploads\/2021\/11\/honey.png"},{"@type":"BreadcrumbList","@id":"https:\/\/sec-systems.pl\/we-offer\/navy\/#breadcrumb","itemListElement":[{"@type":"ListItem","position":1,"name":"Home","item":"https:\/\/sec-systems.pl\/"},{"@type":"ListItem","position":2,"name":"OFERUJEMY","item":"https:\/\/sec-systems.pl\/pl\/oferujemy\/"},{"@type":"ListItem","position":3,"name":"MARYNARKA WOJENNA"}]},{"@type":"WebSite","@id":"https:\/\/sec-systems.pl\/#website","url":"https:\/\/sec-systems.pl\/","name":"FAMOS MARINE INTERIOR SYSTEMS","description":"","publisher":{"@id":"https:\/\/sec-systems.pl\/#organization"},"potentialAction":[{"@type":"SearchAction","target":{"@type":"EntryPoint","urlTemplate":"https:\/\/sec-systems.pl\/?s={search_term_string}"},"query-input":{"@type":"PropertyValueSpecification","valueRequired":true,"valueName":"search_term_string"}}],"inLanguage":"pl-PL"},{"@type":"Organization","@id":"https:\/\/sec-systems.pl\/#organization","name":"FAMOS MARINE INTERIOR SYSTEMS","url":"https:\/\/sec-systems.pl\/","logo":{"@type":"ImageObject","inLanguage":"pl-PL","@id":"https:\/\/sec-systems.pl\/#\/schema\/logo\/image\/","url":"https:\/\/sec-systems.pl\/wp-content\/uploads\/2021\/10\/logo_sec_uc.png","contentUrl":"https:\/\/sec-systems.pl\/wp-content\/uploads\/2021\/10\/logo_sec_uc.png","width":300,"height":200,"caption":"FAMOS MARINE INTERIOR SYSTEMS"},"image":{"@id":"https:\/\/sec-systems.pl\/#\/schema\/logo\/image\/"}}]}},"_links":{"self":[{"href":"https:\/\/sec-systems.pl\/pl\/wp-json\/wp\/v2\/pages\/393","targetHints":{"allow":["GET"]}}],"collection":[{"href":"https:\/\/sec-systems.pl\/pl\/wp-json\/wp\/v2\/pages"}],"about":[{"href":"https:\/\/sec-systems.pl\/pl\/wp-json\/wp\/v2\/types\/page"}],"author":[{"embeddable":true,"href":"https:\/\/sec-systems.pl\/pl\/wp-json\/wp\/v2\/users\/1"}],"replies":[{"embeddable":true,"href":"https:\/\/sec-systems.pl\/pl\/wp-json\/wp\/v2\/comments?post=393"}],"version-history":[{"count":37,"href":"https:\/\/sec-systems.pl\/pl\/wp-json\/wp\/v2\/pages\/393\/revisions"}],"predecessor-version":[{"id":4568,"href":"https:\/\/sec-systems.pl\/pl\/wp-json\/wp\/v2\/pages\/393\/revisions\/4568"}],"up":[{"embeddable":true,"href":"https:\/\/sec-systems.pl\/pl\/wp-json\/wp\/v2\/pages\/123"}],"wp:attachment":[{"href":"https:\/\/sec-systems.pl\/pl\/wp-json\/wp\/v2\/media?parent=393"}],"curies":[{"name":"wp","href":"https:\/\/api.w.org\/{rel}","templated":true}]}}