{"id":2082,"date":"2023-06-15T09:07:34","date_gmt":"2023-06-15T07:07:34","guid":{"rendered":"https:\/\/sec-systems.pl\/?page_id=2082"},"modified":"2024-06-05T08:42:47","modified_gmt":"2024-06-05T06:42:47","slug":"uslugi-projektowe","status":"publish","type":"page","link":"https:\/\/sec-systems.pl\/pl\/uslugi-projektowe\/","title":{"rendered":"US\u0141UGI PROJEKTOWE"},"content":{"rendered":"\t\t<div data-elementor-type=\"wp-page\" data-elementor-id=\"2082\" class=\"elementor elementor-2082\" data-elementor-post-type=\"page\">\n\t\t\t\t\t\t\t\t\t<section class=\"elementor-section elementor-top-section elementor-element elementor-element-ae6ab97 elementor-section-boxed elementor-section-height-default elementor-section-height-default\" data-id=\"ae6ab97\" data-element_type=\"section\" data-settings=\"{&quot;background_background&quot;:&quot;classic&quot;}\">\n\t\t\t\t\t\t<div class=\"elementor-container elementor-column-gap-default\">\n\t\t\t\t\t<div class=\"elementor-column elementor-col-100 elementor-top-column elementor-element elementor-element-a4efbea\" data-id=\"a4efbea\" data-element_type=\"column\">\n\t\t\t<div class=\"elementor-widget-wrap elementor-element-populated\">\n\t\t\t\t\t\t\t\t<div class=\"elementor-element elementor-element-d111a7b elementor-widget elementor-widget-spacer\" data-id=\"d111a7b\" data-element_type=\"widget\" data-widget_type=\"spacer.default\">\n\t\t\t\t<div class=\"elementor-widget-container\">\n\t\t\t\t\t<div class=\"elementor-spacer\">\n\t\t\t<div class=\"elementor-spacer-inner\"><\/div>\n\t\t<\/div>\n\t\t\t\t<\/div>\n\t\t\t\t<\/div>\n\t\t\t\t\t<\/div>\n\t\t<\/div>\n\t\t\t\t\t\t\t<\/div>\n\t\t<\/section>\n\t\t\t\t<section class=\"elementor-section elementor-top-section elementor-element elementor-element-290b49e elementor-section-boxed elementor-section-height-default elementor-section-height-default\" data-id=\"290b49e\" data-element_type=\"section\" data-settings=\"{&quot;background_background&quot;:&quot;classic&quot;}\">\n\t\t\t\t\t\t<div class=\"elementor-container elementor-column-gap-default\">\n\t\t\t\t\t<div class=\"elementor-column elementor-col-100 elementor-top-column elementor-element elementor-element-b7fa2f2\" data-id=\"b7fa2f2\" data-element_type=\"column\">\n\t\t\t<div class=\"elementor-widget-wrap elementor-element-populated\">\n\t\t\t\t\t\t\t\t<div class=\"elementor-element elementor-element-fde87ec elementor-widget elementor-widget-spacer\" data-id=\"fde87ec\" data-element_type=\"widget\" data-widget_type=\"spacer.default\">\n\t\t\t\t<div class=\"elementor-widget-container\">\n\t\t\t\t\t<div class=\"elementor-spacer\">\n\t\t\t<div class=\"elementor-spacer-inner\"><\/div>\n\t\t<\/div>\n\t\t\t\t<\/div>\n\t\t\t\t<\/div>\n\t\t\t\t<div class=\"elementor-element elementor-element-891acf8 elementor-position-left elementor-view-default elementor-mobile-position-top elementor-vertical-align-top elementor-widget elementor-widget-icon-box\" data-id=\"891acf8\" data-element_type=\"widget\" data-widget_type=\"icon-box.default\">\n\t\t\t\t<div class=\"elementor-widget-container\">\n\t\t\t\t\t<div class=\"elementor-icon-box-wrapper\">\n\t\t\t\t\t\t<div class=\"elementor-icon-box-icon\">\n\t\t\t\t<span  class=\"elementor-icon elementor-animation-\">\n\t\t\t\t<i aria-hidden=\"true\" class=\"fas fa-square-full\"><\/i>\t\t\t\t<\/span>\n\t\t\t<\/div>\n\t\t\t\t\t\t<div class=\"elementor-icon-box-content\">\n\t\t\t\t<h3 class=\"elementor-icon-box-title\">\n\t\t\t\t\t<span  >\n\t\t\t\t\t\tPROJEKTUJEMY\t\t\t\t\t<\/span>\n\t\t\t\t<\/h3>\n\t\t\t\t\t\t\t<\/div>\n\t\t<\/div>\n\t\t\t\t<\/div>\n\t\t\t\t<\/div>\n\t\t\t\t\t<\/div>\n\t\t<\/div>\n\t\t\t\t\t\t\t<\/div>\n\t\t<\/section>\n\t\t\t\t<section class=\"elementor-section elementor-top-section elementor-element elementor-element-9d4e245 elementor-section-boxed elementor-section-height-default elementor-section-height-default\" data-id=\"9d4e245\" data-element_type=\"section\">\n\t\t\t\t\t\t<div class=\"elementor-container elementor-column-gap-default\">\n\t\t\t\t\t<div class=\"elementor-column elementor-col-100 elementor-top-column elementor-element elementor-element-05eeead\" data-id=\"05eeead\" data-element_type=\"column\">\n\t\t\t<div class=\"elementor-widget-wrap elementor-element-populated\">\n\t\t\t\t\t\t\t\t<div class=\"elementor-element elementor-element-1f500d5 elementor-icon-list--layout-traditional elementor-list-item-link-full_width elementor-widget elementor-widget-icon-list\" data-id=\"1f500d5\" data-element_type=\"widget\" data-widget_type=\"icon-list.default\">\n\t\t\t\t<div class=\"elementor-widget-container\">\n\t\t\t\t\t<ul class=\"elementor-icon-list-items\">\n\t\t\t\t\t\t\t<li class=\"elementor-icon-list-item\">\n\t\t\t\t\t\t\t\t\t\t\t<span class=\"elementor-icon-list-icon\">\n\t\t\t\t\t\t\t<i aria-hidden=\"true\" class=\"fas fa-check\"><\/i>\t\t\t\t\t\t<\/span>\n\t\t\t\t\t\t\t\t\t\t<span class=\"elementor-icon-list-text\">opracowujemy dokumentacj\u0119 techniczn\u0105  dla pojedynczych wyrob\u00f3w<\/span>\n\t\t\t\t\t\t\t\t\t<\/li>\n\t\t\t\t\t\t\t\t<li class=\"elementor-icon-list-item\">\n\t\t\t\t\t\t\t\t\t\t\t<span class=\"elementor-icon-list-icon\">\n\t\t\t\t\t\t\t<i aria-hidden=\"true\" class=\"fas fa-check\"><\/i>\t\t\t\t\t\t<\/span>\n\t\t\t\t\t\t\t\t\t\t<span class=\"elementor-icon-list-text\">przygotowujemy plany szalowania pomieszcze\u0144  w oparciu o plany klienta i  nasze standardowe wyroby<\/span>\n\t\t\t\t\t\t\t\t\t<\/li>\n\t\t\t\t\t\t\t\t<li class=\"elementor-icon-list-item\">\n\t\t\t\t\t\t\t\t\t\t\t<span class=\"elementor-icon-list-icon\">\n\t\t\t\t\t\t\t<i aria-hidden=\"true\" class=\"fas fa-check\"><\/i>\t\t\t\t\t\t<\/span>\n\t\t\t\t\t\t\t\t\t\t<span class=\"elementor-icon-list-text\">przygotowujemy projekt i dokumentacj\u0119 techniczn\u0105 wyrob\u00f3w nietypowych na podstawie wymaga\u0144 klienta <\/span>\n\t\t\t\t\t\t\t\t\t<\/li>\n\t\t\t\t\t\t\t\t<li class=\"elementor-icon-list-item\">\n\t\t\t\t\t\t\t\t\t\t\t<span class=\"elementor-icon-list-icon\">\n\t\t\t\t\t\t\t<i aria-hidden=\"true\" class=\"fas fa-check\"><\/i>\t\t\t\t\t\t<\/span>\n\t\t\t\t\t\t\t\t\t\t<span class=\"elementor-icon-list-text\">opracowujemy modele 3D oferowanych produkt\u00f3w<\/span>\n\t\t\t\t\t\t\t\t\t<\/li>\n\t\t\t\t\t\t<\/ul>\n\t\t\t\t<\/div>\n\t\t\t\t<\/div>\n\t\t\t\t\t<\/div>\n\t\t<\/div>\n\t\t\t\t\t\t\t<\/div>\n\t\t<\/section>\n\t\t\t\t<section class=\"elementor-section elementor-top-section elementor-element elementor-element-73cf6cc elementor-section-boxed elementor-section-height-default elementor-section-height-default\" data-id=\"73cf6cc\" data-element_type=\"section\">\n\t\t\t\t\t\t<div class=\"elementor-container elementor-column-gap-default\">\n\t\t\t\t\t<div class=\"elementor-column elementor-col-100 elementor-top-column elementor-element elementor-element-d9c3c6f\" data-id=\"d9c3c6f\" data-element_type=\"column\">\n\t\t\t<div class=\"elementor-widget-wrap elementor-element-populated\">\n\t\t\t\t\t\t\t\t<div class=\"elementor-element elementor-element-3039913 elementor-widget elementor-widget-spacer\" data-id=\"3039913\" data-element_type=\"widget\" data-widget_type=\"spacer.default\">\n\t\t\t\t<div class=\"elementor-widget-container\">\n\t\t\t\t\t<div class=\"elementor-spacer\">\n\t\t\t<div class=\"elementor-spacer-inner\"><\/div>\n\t\t<\/div>\n\t\t\t\t<\/div>\n\t\t\t\t<\/div>\n\t\t\t\t\t<\/div>\n\t\t<\/div>\n\t\t\t\t\t\t\t<\/div>\n\t\t<\/section>\n\t\t\t\t\t\t\t<\/div>\n\t\t","protected":false},"excerpt":{"rendered":"<p>PROJEKTUJEMY opracowujemy dokumentacj\u0119 techniczn\u0105 dla pojedynczych wyrob\u00f3w przygotowujemy plany szalowania pomieszcze\u0144 w oparciu o plany klienta i nasze standardowe wyroby przygotowujemy projekt i dokumentacj\u0119 techniczn\u0105 wyrob\u00f3w nietypowych na podstawie wymaga\u0144 klienta opracowujemy modele 3D oferowanych produkt\u00f3w<\/p>\n","protected":false},"author":1,"featured_media":0,"parent":0,"menu_order":0,"comment_status":"closed","ping_status":"closed","template":"","meta":{"footnotes":""},"class_list":["post-2082","page","type-page","status-publish","hentry"],"yoast_head":"<!-- This site is optimized with the Yoast SEO plugin v27.0 - https:\/\/yoast.com\/product\/yoast-seo-wordpress\/ -->\n<title>US\u0141UGI PROJEKTOWE - FAMOS MARINE INTERIOR SYSTEMS<\/title>\n<meta name=\"robots\" content=\"index, follow, max-snippet:-1, max-image-preview:large, max-video-preview:-1\" \/>\n<link rel=\"canonical\" href=\"https:\/\/sec-systems.pl\/engineering\/\" \/>\n<meta property=\"og:locale\" content=\"pl_PL\" \/>\n<meta property=\"og:type\" content=\"article\" \/>\n<meta property=\"og:title\" content=\"US\u0141UGI PROJEKTOWE - FAMOS MARINE INTERIOR SYSTEMS\" \/>\n<meta property=\"og:description\" content=\"PROJEKTUJEMY opracowujemy dokumentacj\u0119 techniczn\u0105 dla pojedynczych wyrob\u00f3w przygotowujemy plany szalowania pomieszcze\u0144 w oparciu o plany klienta i nasze standardowe wyroby przygotowujemy projekt i dokumentacj\u0119 techniczn\u0105 wyrob\u00f3w nietypowych na podstawie wymaga\u0144 klienta opracowujemy modele 3D oferowanych produkt\u00f3w\" \/>\n<meta property=\"og:url\" content=\"https:\/\/sec-systems.pl\/engineering\/\" \/>\n<meta property=\"og:site_name\" content=\"FAMOS MARINE INTERIOR SYSTEMS\" \/>\n<meta property=\"article:modified_time\" content=\"2024-06-05T06:42:47+00:00\" \/>\n<meta name=\"twitter:card\" content=\"summary_large_image\" \/>\n<meta name=\"twitter:label1\" content=\"Szacowany czas czytania\" \/>\n\t<meta name=\"twitter:data1\" content=\"1 minuta\" \/>\n<script type=\"application\/ld+json\" class=\"yoast-schema-graph\">{\"@context\":\"https:\/\/schema.org\",\"@graph\":[{\"@type\":\"WebPage\",\"@id\":\"https:\/\/sec-systems.pl\/engineering\/\",\"url\":\"https:\/\/sec-systems.pl\/engineering\/\",\"name\":\"US\u0141UGI PROJEKTOWE - FAMOS MARINE INTERIOR SYSTEMS\",\"isPartOf\":{\"@id\":\"https:\/\/sec-systems.pl\/#website\"},\"datePublished\":\"2023-06-15T07:07:34+00:00\",\"dateModified\":\"2024-06-05T06:42:47+00:00\",\"breadcrumb\":{\"@id\":\"https:\/\/sec-systems.pl\/engineering\/#breadcrumb\"},\"inLanguage\":\"pl-PL\",\"potentialAction\":[{\"@type\":\"ReadAction\",\"target\":[\"https:\/\/sec-systems.pl\/engineering\/\"]}]},{\"@type\":\"BreadcrumbList\",\"@id\":\"https:\/\/sec-systems.pl\/engineering\/#breadcrumb\",\"itemListElement\":[{\"@type\":\"ListItem\",\"position\":1,\"name\":\"Home\",\"item\":\"https:\/\/sec-systems.pl\/\"},{\"@type\":\"ListItem\",\"position\":2,\"name\":\"US\u0141UGI PROJEKTOWE\"}]},{\"@type\":\"WebSite\",\"@id\":\"https:\/\/sec-systems.pl\/#website\",\"url\":\"https:\/\/sec-systems.pl\/\",\"name\":\"FAMOS MARINE INTERIOR SYSTEMS\",\"description\":\"\",\"publisher\":{\"@id\":\"https:\/\/sec-systems.pl\/#organization\"},\"potentialAction\":[{\"@type\":\"SearchAction\",\"target\":{\"@type\":\"EntryPoint\",\"urlTemplate\":\"https:\/\/sec-systems.pl\/?s={search_term_string}\"},\"query-input\":{\"@type\":\"PropertyValueSpecification\",\"valueRequired\":true,\"valueName\":\"search_term_string\"}}],\"inLanguage\":\"pl-PL\"},{\"@type\":\"Organization\",\"@id\":\"https:\/\/sec-systems.pl\/#organization\",\"name\":\"FAMOS MARINE INTERIOR SYSTEMS\",\"url\":\"https:\/\/sec-systems.pl\/\",\"logo\":{\"@type\":\"ImageObject\",\"inLanguage\":\"pl-PL\",\"@id\":\"https:\/\/sec-systems.pl\/#\/schema\/logo\/image\/\",\"url\":\"https:\/\/sec-systems.pl\/wp-content\/uploads\/2021\/10\/logo_sec_uc.png\",\"contentUrl\":\"https:\/\/sec-systems.pl\/wp-content\/uploads\/2021\/10\/logo_sec_uc.png\",\"width\":300,\"height\":200,\"caption\":\"FAMOS MARINE INTERIOR SYSTEMS\"},\"image\":{\"@id\":\"https:\/\/sec-systems.pl\/#\/schema\/logo\/image\/\"}}]}<\/script>\n<!-- \/ Yoast SEO plugin. -->","yoast_head_json":{"title":"US\u0141UGI PROJEKTOWE - FAMOS MARINE INTERIOR SYSTEMS","robots":{"index":"index","follow":"follow","max-snippet":"max-snippet:-1","max-image-preview":"max-image-preview:large","max-video-preview":"max-video-preview:-1"},"canonical":"https:\/\/sec-systems.pl\/engineering\/","og_locale":"pl_PL","og_type":"article","og_title":"US\u0141UGI PROJEKTOWE - FAMOS MARINE INTERIOR SYSTEMS","og_description":"PROJEKTUJEMY opracowujemy dokumentacj\u0119 techniczn\u0105 dla pojedynczych wyrob\u00f3w przygotowujemy plany szalowania pomieszcze\u0144 w oparciu o plany klienta i nasze standardowe wyroby przygotowujemy projekt i dokumentacj\u0119 techniczn\u0105 wyrob\u00f3w nietypowych na podstawie wymaga\u0144 klienta opracowujemy modele 3D oferowanych produkt\u00f3w","og_url":"https:\/\/sec-systems.pl\/engineering\/","og_site_name":"FAMOS MARINE INTERIOR SYSTEMS","article_modified_time":"2024-06-05T06:42:47+00:00","twitter_card":"summary_large_image","twitter_misc":{"Szacowany czas czytania":"1 minuta"},"schema":{"@context":"https:\/\/schema.org","@graph":[{"@type":"WebPage","@id":"https:\/\/sec-systems.pl\/engineering\/","url":"https:\/\/sec-systems.pl\/engineering\/","name":"US\u0141UGI PROJEKTOWE - FAMOS MARINE INTERIOR SYSTEMS","isPartOf":{"@id":"https:\/\/sec-systems.pl\/#website"},"datePublished":"2023-06-15T07:07:34+00:00","dateModified":"2024-06-05T06:42:47+00:00","breadcrumb":{"@id":"https:\/\/sec-systems.pl\/engineering\/#breadcrumb"},"inLanguage":"pl-PL","potentialAction":[{"@type":"ReadAction","target":["https:\/\/sec-systems.pl\/engineering\/"]}]},{"@type":"BreadcrumbList","@id":"https:\/\/sec-systems.pl\/engineering\/#breadcrumb","itemListElement":[{"@type":"ListItem","position":1,"name":"Home","item":"https:\/\/sec-systems.pl\/"},{"@type":"ListItem","position":2,"name":"US\u0141UGI PROJEKTOWE"}]},{"@type":"WebSite","@id":"https:\/\/sec-systems.pl\/#website","url":"https:\/\/sec-systems.pl\/","name":"FAMOS MARINE INTERIOR SYSTEMS","description":"","publisher":{"@id":"https:\/\/sec-systems.pl\/#organization"},"potentialAction":[{"@type":"SearchAction","target":{"@type":"EntryPoint","urlTemplate":"https:\/\/sec-systems.pl\/?s={search_term_string}"},"query-input":{"@type":"PropertyValueSpecification","valueRequired":true,"valueName":"search_term_string"}}],"inLanguage":"pl-PL"},{"@type":"Organization","@id":"https:\/\/sec-systems.pl\/#organization","name":"FAMOS MARINE INTERIOR SYSTEMS","url":"https:\/\/sec-systems.pl\/","logo":{"@type":"ImageObject","inLanguage":"pl-PL","@id":"https:\/\/sec-systems.pl\/#\/schema\/logo\/image\/","url":"https:\/\/sec-systems.pl\/wp-content\/uploads\/2021\/10\/logo_sec_uc.png","contentUrl":"https:\/\/sec-systems.pl\/wp-content\/uploads\/2021\/10\/logo_sec_uc.png","width":300,"height":200,"caption":"FAMOS MARINE INTERIOR SYSTEMS"},"image":{"@id":"https:\/\/sec-systems.pl\/#\/schema\/logo\/image\/"}}]}},"_links":{"self":[{"href":"https:\/\/sec-systems.pl\/pl\/wp-json\/wp\/v2\/pages\/2082","targetHints":{"allow":["GET"]}}],"collection":[{"href":"https:\/\/sec-systems.pl\/pl\/wp-json\/wp\/v2\/pages"}],"about":[{"href":"https:\/\/sec-systems.pl\/pl\/wp-json\/wp\/v2\/types\/page"}],"author":[{"embeddable":true,"href":"https:\/\/sec-systems.pl\/pl\/wp-json\/wp\/v2\/users\/1"}],"replies":[{"embeddable":true,"href":"https:\/\/sec-systems.pl\/pl\/wp-json\/wp\/v2\/comments?post=2082"}],"version-history":[{"count":10,"href":"https:\/\/sec-systems.pl\/pl\/wp-json\/wp\/v2\/pages\/2082\/revisions"}],"predecessor-version":[{"id":3606,"href":"https:\/\/sec-systems.pl\/pl\/wp-json\/wp\/v2\/pages\/2082\/revisions\/3606"}],"wp:attachment":[{"href":"https:\/\/sec-systems.pl\/pl\/wp-json\/wp\/v2\/media?parent=2082"}],"curies":[{"name":"wp","href":"https:\/\/api.w.org\/{rel}","templated":true}]}}