{"id":2384,"date":"2023-10-04T18:12:12","date_gmt":"2023-10-04T16:12:12","guid":{"rendered":"https:\/\/sec-systems.pl\/?page_id=2384"},"modified":"2024-06-05T08:46:10","modified_gmt":"2024-06-05T06:46:10","slug":"engineering","status":"publish","type":"page","link":"https:\/\/sec-systems.pl\/de\/engineering\/","title":{"rendered":"ENGINEERING"},"content":{"rendered":"\t\t<div data-elementor-type=\"wp-page\" data-elementor-id=\"2384\" class=\"elementor elementor-2384\" data-elementor-post-type=\"page\">\n\t\t\t\t\t\t\t\t\t<section class=\"elementor-section elementor-top-section elementor-element elementor-element-ae6ab97 elementor-section-boxed elementor-section-height-default elementor-section-height-default\" data-id=\"ae6ab97\" data-element_type=\"section\" data-settings=\"{&quot;background_background&quot;:&quot;classic&quot;}\">\n\t\t\t\t\t\t<div class=\"elementor-container elementor-column-gap-default\">\n\t\t\t\t\t<div class=\"elementor-column elementor-col-100 elementor-top-column elementor-element elementor-element-a4efbea\" data-id=\"a4efbea\" data-element_type=\"column\">\n\t\t\t<div class=\"elementor-widget-wrap elementor-element-populated\">\n\t\t\t\t\t\t\t\t<div class=\"elementor-element elementor-element-d111a7b elementor-widget elementor-widget-spacer\" data-id=\"d111a7b\" data-element_type=\"widget\" data-widget_type=\"spacer.default\">\n\t\t\t\t<div class=\"elementor-widget-container\">\n\t\t\t\t\t<div class=\"elementor-spacer\">\n\t\t\t<div class=\"elementor-spacer-inner\"><\/div>\n\t\t<\/div>\n\t\t\t\t<\/div>\n\t\t\t\t<\/div>\n\t\t\t\t\t<\/div>\n\t\t<\/div>\n\t\t\t\t\t\t\t<\/div>\n\t\t<\/section>\n\t\t\t\t<section class=\"elementor-section elementor-top-section elementor-element elementor-element-290b49e elementor-section-boxed elementor-section-height-default elementor-section-height-default\" data-id=\"290b49e\" data-element_type=\"section\" data-settings=\"{&quot;background_background&quot;:&quot;classic&quot;}\">\n\t\t\t\t\t\t<div class=\"elementor-container elementor-column-gap-default\">\n\t\t\t\t\t<div class=\"elementor-column elementor-col-100 elementor-top-column elementor-element elementor-element-b7fa2f2\" data-id=\"b7fa2f2\" data-element_type=\"column\">\n\t\t\t<div class=\"elementor-widget-wrap elementor-element-populated\">\n\t\t\t\t\t\t\t\t<div class=\"elementor-element elementor-element-fde87ec elementor-widget elementor-widget-spacer\" data-id=\"fde87ec\" data-element_type=\"widget\" data-widget_type=\"spacer.default\">\n\t\t\t\t<div class=\"elementor-widget-container\">\n\t\t\t\t\t<div class=\"elementor-spacer\">\n\t\t\t<div class=\"elementor-spacer-inner\"><\/div>\n\t\t<\/div>\n\t\t\t\t<\/div>\n\t\t\t\t<\/div>\n\t\t\t\t<div class=\"elementor-element elementor-element-891acf8 elementor-position-left elementor-view-default elementor-mobile-position-top elementor-vertical-align-top elementor-widget elementor-widget-icon-box\" data-id=\"891acf8\" data-element_type=\"widget\" data-widget_type=\"icon-box.default\">\n\t\t\t\t<div class=\"elementor-widget-container\">\n\t\t\t\t\t<div class=\"elementor-icon-box-wrapper\">\n\t\t\t\t\t\t<div class=\"elementor-icon-box-icon\">\n\t\t\t\t<span  class=\"elementor-icon elementor-animation-\">\n\t\t\t\t<i aria-hidden=\"true\" class=\"fas fa-square-full\"><\/i>\t\t\t\t<\/span>\n\t\t\t<\/div>\n\t\t\t\t\t\t<div class=\"elementor-icon-box-content\">\n\t\t\t\t<h3 class=\"elementor-icon-box-title\">\n\t\t\t\t\t<span  >\n\t\t\t\t\t\tENGINEERING\t\t\t\t\t<\/span>\n\t\t\t\t<\/h3>\n\t\t\t\t\t\t\t<\/div>\n\t\t<\/div>\n\t\t\t\t<\/div>\n\t\t\t\t<\/div>\n\t\t\t\t\t<\/div>\n\t\t<\/div>\n\t\t\t\t\t\t\t<\/div>\n\t\t<\/section>\n\t\t\t\t<section class=\"elementor-section elementor-top-section elementor-element elementor-element-9d4e245 elementor-section-boxed elementor-section-height-default elementor-section-height-default\" data-id=\"9d4e245\" data-element_type=\"section\">\n\t\t\t\t\t\t<div class=\"elementor-container elementor-column-gap-default\">\n\t\t\t\t\t<div class=\"elementor-column elementor-col-100 elementor-top-column elementor-element elementor-element-05eeead\" data-id=\"05eeead\" data-element_type=\"column\">\n\t\t\t<div class=\"elementor-widget-wrap elementor-element-populated\">\n\t\t\t\t\t\t\t\t<div class=\"elementor-element elementor-element-39948b9 elementor-icon-list--layout-traditional elementor-list-item-link-full_width elementor-widget elementor-widget-icon-list\" data-id=\"39948b9\" data-element_type=\"widget\" data-widget_type=\"icon-list.default\">\n\t\t\t\t<div class=\"elementor-widget-container\">\n\t\t\t\t\t<ul class=\"elementor-icon-list-items\">\n\t\t\t\t\t\t\t<li class=\"elementor-icon-list-item\">\n\t\t\t\t\t\t\t\t\t\t\t<span class=\"elementor-icon-list-icon\">\n\t\t\t\t\t\t\t<i aria-hidden=\"true\" class=\"fas fa-check\"><\/i>\t\t\t\t\t\t<\/span>\n\t\t\t\t\t\t\t\t\t\t<span class=\"elementor-icon-list-text\">Erstellung der technischen Dokumentation f\u00fcr einzelne Produkte<\/span>\n\t\t\t\t\t\t\t\t\t<\/li>\n\t\t\t\t\t\t\t\t<li class=\"elementor-icon-list-item\">\n\t\t\t\t\t\t\t\t\t\t\t<span class=\"elementor-icon-list-icon\">\n\t\t\t\t\t\t\t<i aria-hidden=\"true\" class=\"fas fa-check\"><\/i>\t\t\t\t\t\t<\/span>\n\t\t\t\t\t\t\t\t\t\t<span class=\"elementor-icon-list-text\">Erstellung von Verkleidungspl\u00e4nen auf Grundlage der Innenraumpl\u00e4ne des Kunden und unserer Standardprodukte<\/span>\n\t\t\t\t\t\t\t\t\t<\/li>\n\t\t\t\t\t\t\t\t<li class=\"elementor-icon-list-item\">\n\t\t\t\t\t\t\t\t\t\t\t<span class=\"elementor-icon-list-icon\">\n\t\t\t\t\t\t\t<i aria-hidden=\"true\" class=\"fas fa-check\"><\/i>\t\t\t\t\t\t<\/span>\n\t\t\t\t\t\t\t\t\t\t<span class=\"elementor-icon-list-text\">Ausarbeitung von Entw\u00fcrfen und technischen Unterlagen f\u00fcr nicht standardisierte Produkte auf Grundlage der Anforderungen des Kunden <\/span>\n\t\t\t\t\t\t\t\t\t<\/li>\n\t\t\t\t\t\t\t\t<li class=\"elementor-icon-list-item\">\n\t\t\t\t\t\t\t\t\t\t\t<span class=\"elementor-icon-list-icon\">\n\t\t\t\t\t\t\t<i aria-hidden=\"true\" class=\"fas fa-check\"><\/i>\t\t\t\t\t\t<\/span>\n\t\t\t\t\t\t\t\t\t\t<span class=\"elementor-icon-list-text\">Erstellung von 3D-Modellen der angebotenen Produkte<\/span>\n\t\t\t\t\t\t\t\t\t<\/li>\n\t\t\t\t\t\t<\/ul>\n\t\t\t\t<\/div>\n\t\t\t\t<\/div>\n\t\t\t\t\t<\/div>\n\t\t<\/div>\n\t\t\t\t\t\t\t<\/div>\n\t\t<\/section>\n\t\t\t\t<section class=\"elementor-section elementor-top-section elementor-element elementor-element-73cf6cc elementor-section-boxed elementor-section-height-default elementor-section-height-default\" data-id=\"73cf6cc\" data-element_type=\"section\">\n\t\t\t\t\t\t<div class=\"elementor-container elementor-column-gap-default\">\n\t\t\t\t\t<div class=\"elementor-column elementor-col-100 elementor-top-column elementor-element elementor-element-d9c3c6f\" data-id=\"d9c3c6f\" data-element_type=\"column\">\n\t\t\t<div class=\"elementor-widget-wrap elementor-element-populated\">\n\t\t\t\t\t\t\t\t<div class=\"elementor-element elementor-element-3039913 elementor-widget elementor-widget-spacer\" data-id=\"3039913\" data-element_type=\"widget\" data-widget_type=\"spacer.default\">\n\t\t\t\t<div class=\"elementor-widget-container\">\n\t\t\t\t\t<div class=\"elementor-spacer\">\n\t\t\t<div class=\"elementor-spacer-inner\"><\/div>\n\t\t<\/div>\n\t\t\t\t<\/div>\n\t\t\t\t<\/div>\n\t\t\t\t\t<\/div>\n\t\t<\/div>\n\t\t\t\t\t\t\t<\/div>\n\t\t<\/section>\n\t\t\t\t\t\t\t<\/div>\n\t\t","protected":false},"excerpt":{"rendered":"<p>ENGINEERING Erstellung der technischen Dokumentation f\u00fcr einzelne Produkte Erstellung von Verkleidungspl\u00e4nen auf Grundlage der Innenraumpl\u00e4ne des Kunden und unserer Standardprodukte Ausarbeitung von Entw\u00fcrfen und technischen Unterlagen f\u00fcr nicht standardisierte Produkte auf Grundlage der Anforderungen des Kunden Erstellung von 3D-Modellen der angebotenen Produkte<\/p>\n","protected":false},"author":1,"featured_media":0,"parent":0,"menu_order":0,"comment_status":"closed","ping_status":"closed","template":"","meta":{"footnotes":""},"class_list":["post-2384","page","type-page","status-publish","hentry"],"yoast_head":"<!-- This site is optimized with the Yoast SEO plugin v27.0 - https:\/\/yoast.com\/product\/yoast-seo-wordpress\/ -->\n<title>ENGINEERING - FAMOS MARINE INTERIOR SYSTEMS<\/title>\n<meta name=\"robots\" content=\"index, follow, max-snippet:-1, max-image-preview:large, max-video-preview:-1\" \/>\n<link rel=\"canonical\" href=\"https:\/\/sec-systems.pl\/engineering\/\" \/>\n<meta property=\"og:locale\" content=\"de_DE\" \/>\n<meta property=\"og:type\" content=\"article\" \/>\n<meta property=\"og:title\" content=\"ENGINEERING - FAMOS MARINE INTERIOR SYSTEMS\" \/>\n<meta property=\"og:description\" content=\"ENGINEERING Erstellung der technischen Dokumentation f\u00fcr einzelne Produkte Erstellung von Verkleidungspl\u00e4nen auf Grundlage der Innenraumpl\u00e4ne des Kunden und unserer Standardprodukte Ausarbeitung von Entw\u00fcrfen und technischen Unterlagen f\u00fcr nicht standardisierte Produkte auf Grundlage der Anforderungen des Kunden Erstellung von 3D-Modellen der angebotenen Produkte\" \/>\n<meta property=\"og:url\" content=\"https:\/\/sec-systems.pl\/engineering\/\" \/>\n<meta property=\"og:site_name\" content=\"FAMOS MARINE INTERIOR SYSTEMS\" \/>\n<meta property=\"article:modified_time\" content=\"2024-06-05T06:46:10+00:00\" \/>\n<meta name=\"twitter:card\" content=\"summary_large_image\" \/>\n<meta name=\"twitter:label1\" content=\"Gesch\u00e4tzte Lesezeit\" \/>\n\t<meta name=\"twitter:data1\" content=\"1\u00a0Minute\" \/>\n<script type=\"application\/ld+json\" class=\"yoast-schema-graph\">{\"@context\":\"https:\/\/schema.org\",\"@graph\":[{\"@type\":\"WebPage\",\"@id\":\"https:\/\/sec-systems.pl\/engineering\/\",\"url\":\"https:\/\/sec-systems.pl\/engineering\/\",\"name\":\"ENGINEERING - FAMOS MARINE INTERIOR SYSTEMS\",\"isPartOf\":{\"@id\":\"https:\/\/sec-systems.pl\/#website\"},\"datePublished\":\"2023-10-04T16:12:12+00:00\",\"dateModified\":\"2024-06-05T06:46:10+00:00\",\"breadcrumb\":{\"@id\":\"https:\/\/sec-systems.pl\/engineering\/#breadcrumb\"},\"inLanguage\":\"de\",\"potentialAction\":[{\"@type\":\"ReadAction\",\"target\":[\"https:\/\/sec-systems.pl\/engineering\/\"]}]},{\"@type\":\"BreadcrumbList\",\"@id\":\"https:\/\/sec-systems.pl\/engineering\/#breadcrumb\",\"itemListElement\":[{\"@type\":\"ListItem\",\"position\":1,\"name\":\"Home\",\"item\":\"https:\/\/sec-systems.pl\/\"},{\"@type\":\"ListItem\",\"position\":2,\"name\":\"ENGINEERING\"}]},{\"@type\":\"WebSite\",\"@id\":\"https:\/\/sec-systems.pl\/#website\",\"url\":\"https:\/\/sec-systems.pl\/\",\"name\":\"FAMOS MARINE INTERIOR SYSTEMS\",\"description\":\"\",\"publisher\":{\"@id\":\"https:\/\/sec-systems.pl\/#organization\"},\"potentialAction\":[{\"@type\":\"SearchAction\",\"target\":{\"@type\":\"EntryPoint\",\"urlTemplate\":\"https:\/\/sec-systems.pl\/?s={search_term_string}\"},\"query-input\":{\"@type\":\"PropertyValueSpecification\",\"valueRequired\":true,\"valueName\":\"search_term_string\"}}],\"inLanguage\":\"de\"},{\"@type\":\"Organization\",\"@id\":\"https:\/\/sec-systems.pl\/#organization\",\"name\":\"FAMOS MARINE INTERIOR SYSTEMS\",\"url\":\"https:\/\/sec-systems.pl\/\",\"logo\":{\"@type\":\"ImageObject\",\"inLanguage\":\"de\",\"@id\":\"https:\/\/sec-systems.pl\/#\/schema\/logo\/image\/\",\"url\":\"https:\/\/sec-systems.pl\/wp-content\/uploads\/2021\/10\/logo_sec_uc.png\",\"contentUrl\":\"https:\/\/sec-systems.pl\/wp-content\/uploads\/2021\/10\/logo_sec_uc.png\",\"width\":300,\"height\":200,\"caption\":\"FAMOS MARINE INTERIOR SYSTEMS\"},\"image\":{\"@id\":\"https:\/\/sec-systems.pl\/#\/schema\/logo\/image\/\"}}]}<\/script>\n<!-- \/ Yoast SEO plugin. -->","yoast_head_json":{"title":"ENGINEERING - FAMOS MARINE INTERIOR SYSTEMS","robots":{"index":"index","follow":"follow","max-snippet":"max-snippet:-1","max-image-preview":"max-image-preview:large","max-video-preview":"max-video-preview:-1"},"canonical":"https:\/\/sec-systems.pl\/engineering\/","og_locale":"de_DE","og_type":"article","og_title":"ENGINEERING - FAMOS MARINE INTERIOR SYSTEMS","og_description":"ENGINEERING Erstellung der technischen Dokumentation f\u00fcr einzelne Produkte Erstellung von Verkleidungspl\u00e4nen auf Grundlage der Innenraumpl\u00e4ne des Kunden und unserer Standardprodukte Ausarbeitung von Entw\u00fcrfen und technischen Unterlagen f\u00fcr nicht standardisierte Produkte auf Grundlage der Anforderungen des Kunden Erstellung von 3D-Modellen der angebotenen Produkte","og_url":"https:\/\/sec-systems.pl\/engineering\/","og_site_name":"FAMOS MARINE INTERIOR SYSTEMS","article_modified_time":"2024-06-05T06:46:10+00:00","twitter_card":"summary_large_image","twitter_misc":{"Gesch\u00e4tzte Lesezeit":"1\u00a0Minute"},"schema":{"@context":"https:\/\/schema.org","@graph":[{"@type":"WebPage","@id":"https:\/\/sec-systems.pl\/engineering\/","url":"https:\/\/sec-systems.pl\/engineering\/","name":"ENGINEERING - FAMOS MARINE INTERIOR SYSTEMS","isPartOf":{"@id":"https:\/\/sec-systems.pl\/#website"},"datePublished":"2023-10-04T16:12:12+00:00","dateModified":"2024-06-05T06:46:10+00:00","breadcrumb":{"@id":"https:\/\/sec-systems.pl\/engineering\/#breadcrumb"},"inLanguage":"de","potentialAction":[{"@type":"ReadAction","target":["https:\/\/sec-systems.pl\/engineering\/"]}]},{"@type":"BreadcrumbList","@id":"https:\/\/sec-systems.pl\/engineering\/#breadcrumb","itemListElement":[{"@type":"ListItem","position":1,"name":"Home","item":"https:\/\/sec-systems.pl\/"},{"@type":"ListItem","position":2,"name":"ENGINEERING"}]},{"@type":"WebSite","@id":"https:\/\/sec-systems.pl\/#website","url":"https:\/\/sec-systems.pl\/","name":"FAMOS MARINE INTERIOR SYSTEMS","description":"","publisher":{"@id":"https:\/\/sec-systems.pl\/#organization"},"potentialAction":[{"@type":"SearchAction","target":{"@type":"EntryPoint","urlTemplate":"https:\/\/sec-systems.pl\/?s={search_term_string}"},"query-input":{"@type":"PropertyValueSpecification","valueRequired":true,"valueName":"search_term_string"}}],"inLanguage":"de"},{"@type":"Organization","@id":"https:\/\/sec-systems.pl\/#organization","name":"FAMOS MARINE INTERIOR SYSTEMS","url":"https:\/\/sec-systems.pl\/","logo":{"@type":"ImageObject","inLanguage":"de","@id":"https:\/\/sec-systems.pl\/#\/schema\/logo\/image\/","url":"https:\/\/sec-systems.pl\/wp-content\/uploads\/2021\/10\/logo_sec_uc.png","contentUrl":"https:\/\/sec-systems.pl\/wp-content\/uploads\/2021\/10\/logo_sec_uc.png","width":300,"height":200,"caption":"FAMOS MARINE INTERIOR SYSTEMS"},"image":{"@id":"https:\/\/sec-systems.pl\/#\/schema\/logo\/image\/"}}]}},"_links":{"self":[{"href":"https:\/\/sec-systems.pl\/de\/wp-json\/wp\/v2\/pages\/2384","targetHints":{"allow":["GET"]}}],"collection":[{"href":"https:\/\/sec-systems.pl\/de\/wp-json\/wp\/v2\/pages"}],"about":[{"href":"https:\/\/sec-systems.pl\/de\/wp-json\/wp\/v2\/types\/page"}],"author":[{"embeddable":true,"href":"https:\/\/sec-systems.pl\/de\/wp-json\/wp\/v2\/users\/1"}],"replies":[{"embeddable":true,"href":"https:\/\/sec-systems.pl\/de\/wp-json\/wp\/v2\/comments?post=2384"}],"version-history":[{"count":10,"href":"https:\/\/sec-systems.pl\/de\/wp-json\/wp\/v2\/pages\/2384\/revisions"}],"predecessor-version":[{"id":3615,"href":"https:\/\/sec-systems.pl\/de\/wp-json\/wp\/v2\/pages\/2384\/revisions\/3615"}],"wp:attachment":[{"href":"https:\/\/sec-systems.pl\/de\/wp-json\/wp\/v2\/media?parent=2384"}],"curies":[{"name":"wp","href":"https:\/\/api.w.org\/{rel}","templated":true}]}}