{"id":2267,"date":"2023-10-04T13:03:44","date_gmt":"2023-10-04T11:03:44","guid":{"rendered":"https:\/\/sec-systems.pl\/?page_id=2267"},"modified":"2026-02-05T13:25:59","modified_gmt":"2026-02-05T12:25:59","slug":"marine-industrie","status":"publish","type":"page","link":"https:\/\/sec-systems.pl\/de\/produkte\/marine-industrie\/","title":{"rendered":"MARINE INDUSTRIE"},"content":{"rendered":"\t\t<div data-elementor-type=\"wp-page\" data-elementor-id=\"2267\" class=\"elementor elementor-2267\" data-elementor-post-type=\"page\">\n\t\t\t\t\t\t\t\t\t<section class=\"elementor-section elementor-top-section elementor-element elementor-element-5aec5ae elementor-section-boxed elementor-section-height-default elementor-section-height-default\" data-id=\"5aec5ae\" data-element_type=\"section\" data-settings=\"{&quot;background_background&quot;:&quot;classic&quot;}\">\n\t\t\t\t\t\t<div class=\"elementor-container elementor-column-gap-default\">\n\t\t\t\t\t<div class=\"elementor-column elementor-col-100 elementor-top-column elementor-element elementor-element-3902608\" data-id=\"3902608\" data-element_type=\"column\">\n\t\t\t<div class=\"elementor-widget-wrap elementor-element-populated\">\n\t\t\t\t\t\t\t\t<div class=\"elementor-element elementor-element-aaa7283 elementor-widget elementor-widget-spacer\" data-id=\"aaa7283\" data-element_type=\"widget\" data-widget_type=\"spacer.default\">\n\t\t\t\t<div class=\"elementor-widget-container\">\n\t\t\t\t\t<div class=\"elementor-spacer\">\n\t\t\t<div class=\"elementor-spacer-inner\"><\/div>\n\t\t<\/div>\n\t\t\t\t<\/div>\n\t\t\t\t<\/div>\n\t\t\t\t\t<\/div>\n\t\t<\/div>\n\t\t\t\t\t\t\t<\/div>\n\t\t<\/section>\n\t\t\t\t<section class=\"elementor-section elementor-top-section elementor-element elementor-element-23e898f elementor-section-boxed elementor-section-height-default elementor-section-height-default\" data-id=\"23e898f\" data-element_type=\"section\" data-settings=\"{&quot;background_background&quot;:&quot;classic&quot;}\">\n\t\t\t\t\t\t<div class=\"elementor-container elementor-column-gap-default\">\n\t\t\t\t\t<div class=\"elementor-column elementor-col-100 elementor-top-column elementor-element elementor-element-61eefff\" data-id=\"61eefff\" data-element_type=\"column\">\n\t\t\t<div class=\"elementor-widget-wrap elementor-element-populated\">\n\t\t\t\t\t\t\t\t<div class=\"elementor-element elementor-element-1270e8a elementor-widget elementor-widget-spacer\" data-id=\"1270e8a\" data-element_type=\"widget\" data-widget_type=\"spacer.default\">\n\t\t\t\t<div class=\"elementor-widget-container\">\n\t\t\t\t\t<div class=\"elementor-spacer\">\n\t\t\t<div class=\"elementor-spacer-inner\"><\/div>\n\t\t<\/div>\n\t\t\t\t<\/div>\n\t\t\t\t<\/div>\n\t\t\t\t<div class=\"elementor-element elementor-element-89c037f elementor-position-left elementor-view-default elementor-mobile-position-top elementor-vertical-align-top elementor-widget elementor-widget-icon-box\" data-id=\"89c037f\" data-element_type=\"widget\" data-widget_type=\"icon-box.default\">\n\t\t\t\t<div class=\"elementor-widget-container\">\n\t\t\t\t\t<div class=\"elementor-icon-box-wrapper\">\n\t\t\t\t\t\t<div class=\"elementor-icon-box-icon\">\n\t\t\t\t<span  class=\"elementor-icon elementor-animation-\">\n\t\t\t\t<i aria-hidden=\"true\" class=\"fas fa-square-full\"><\/i>\t\t\t\t<\/span>\n\t\t\t<\/div>\n\t\t\t\t\t\t<div class=\"elementor-icon-box-content\">\n\t\t\t\t<h3 class=\"elementor-icon-box-title\">\n\t\t\t\t\t<span  >\n\t\t\t\t\t\tMARINE INDUSTRIE\t\t\t\t\t<\/span>\n\t\t\t\t<\/h3>\n\t\t\t\t\t\t\t<\/div>\n\t\t<\/div>\n\t\t\t\t<\/div>\n\t\t\t\t<\/div>\n\t\t\t\t\t<\/div>\n\t\t<\/div>\n\t\t\t\t\t\t\t<\/div>\n\t\t<\/section>\n\t\t\t\t<section class=\"elementor-section elementor-top-section elementor-element elementor-element-169f4d7 elementor-section-boxed elementor-section-height-default elementor-section-height-default\" data-id=\"169f4d7\" data-element_type=\"section\">\n\t\t\t\t\t\t<div class=\"elementor-container elementor-column-gap-default\">\n\t\t\t\t\t<div class=\"elementor-column elementor-col-50 elementor-top-column elementor-element elementor-element-5374362\" data-id=\"5374362\" data-element_type=\"column\">\n\t\t\t<div class=\"elementor-widget-wrap elementor-element-populated\">\n\t\t\t\t\t\t\t\t<div class=\"elementor-element elementor-element-caf9eb1 elementor-widget elementor-widget-text-editor\" data-id=\"caf9eb1\" data-element_type=\"widget\" data-widget_type=\"text-editor.default\">\n\t\t\t\t<div class=\"elementor-widget-container\">\n\t\t\t\t\t\t\t<p><strong>FAMOS MARINE INTERIOR SYSTEMS<\/strong> bietet L\u00f6sungen f\u00fcr die Produktion und Installation von Komplettsystemen f\u00fcr Marine-Einheiten. Das System basiert auf einem entwickelten System und wird f\u00fcr jedes Projekt ma\u00dfgeschneidert. Jedes Projekt wird von unserer Konstruktionsabteilung individuell gepr\u00fcft und anschlie\u00dfend nach Ma\u00df gefertigt.<\/p><p><strong>FAMOS MARINE INTERIOR SYSTEMS<\/strong> produziert W\u00e4nde, Deckenpaneele, T\u00fcren einschlie\u00dflich Inspektionst\u00fcren mit Aluminium-Wabensystem sowie M\u00f6bel.<\/p>\t\t\t\t\t\t<\/div>\n\t\t\t\t<\/div>\n\t\t\t\t\t<\/div>\n\t\t<\/div>\n\t\t\t\t<div class=\"elementor-column elementor-col-50 elementor-top-column elementor-element elementor-element-58140d8\" data-id=\"58140d8\" data-element_type=\"column\">\n\t\t\t<div class=\"elementor-widget-wrap elementor-element-populated\">\n\t\t\t\t\t\t\t\t<div class=\"elementor-element elementor-element-7f3f7fd elementor-widget elementor-widget-text-editor\" data-id=\"7f3f7fd\" data-element_type=\"widget\" data-widget_type=\"text-editor.default\">\n\t\t\t\t<div class=\"elementor-widget-container\">\n\t\t\t\t\t\t\t<p>The wichtigsten Vorteile unserer Produkte sind:<\/p>\t\t\t\t\t\t<\/div>\n\t\t\t\t<\/div>\n\t\t\t\t<div class=\"elementor-element elementor-element-5a1ff6f elementor-icon-list--layout-traditional elementor-list-item-link-full_width elementor-widget elementor-widget-icon-list\" data-id=\"5a1ff6f\" data-element_type=\"widget\" data-widget_type=\"icon-list.default\">\n\t\t\t\t<div class=\"elementor-widget-container\">\n\t\t\t\t\t<ul class=\"elementor-icon-list-items\">\n\t\t\t\t\t\t\t<li class=\"elementor-icon-list-item\">\n\t\t\t\t\t\t\t\t\t\t\t<span class=\"elementor-icon-list-icon\">\n\t\t\t\t\t\t\t<i aria-hidden=\"true\" class=\"fas fa-check\"><\/i>\t\t\t\t\t\t<\/span>\n\t\t\t\t\t\t\t\t\t\t<span class=\"elementor-icon-list-text\">Das sehr niedrige tats\u00e4chliche Gewicht von jedem Produkt<\/span>\n\t\t\t\t\t\t\t\t\t<\/li>\n\t\t\t\t\t\t\t\t<li class=\"elementor-icon-list-item\">\n\t\t\t\t\t\t\t\t\t\t\t<span class=\"elementor-icon-list-icon\">\n\t\t\t\t\t\t\t<i aria-hidden=\"true\" class=\"fas fa-check\"><\/i>\t\t\t\t\t\t<\/span>\n\t\t\t\t\t\t\t\t\t\t<span class=\"elementor-icon-list-text\">Festigkeit bei gleichzeitiger Verformungsbest\u00e4ndigkeit, sehr hohe Sto\u00dfd\u00e4mpfung<\/span>\n\t\t\t\t\t\t\t\t\t<\/li>\n\t\t\t\t\t\t\t\t<li class=\"elementor-icon-list-item\">\n\t\t\t\t\t\t\t\t\t\t\t<span class=\"elementor-icon-list-icon\">\n\t\t\t\t\t\t\t<i aria-hidden=\"true\" class=\"fas fa-check\"><\/i>\t\t\t\t\t\t<\/span>\n\t\t\t\t\t\t\t\t\t\t<span class=\"elementor-icon-list-text\">Flammenabweisend<\/span>\n\t\t\t\t\t\t\t\t\t<\/li>\n\t\t\t\t\t\t\t\t<li class=\"elementor-icon-list-item\">\n\t\t\t\t\t\t\t\t\t\t\t<span class=\"elementor-icon-list-icon\">\n\t\t\t\t\t\t\t<i aria-hidden=\"true\" class=\"fas fa-check\"><\/i>\t\t\t\t\t\t<\/span>\n\t\t\t\t\t\t\t\t\t\t<span class=\"elementor-icon-list-text\">Erweiterbar mit zus\u00e4tzlichen Parametern; z.B. L\u00e4rmreduzierung<\/span>\n\t\t\t\t\t\t\t\t\t<\/li>\n\t\t\t\t\t\t<\/ul>\n\t\t\t\t<\/div>\n\t\t\t\t<\/div>\n\t\t\t\t<div class=\"elementor-element elementor-element-fea18bb elementor-widget elementor-widget-text-editor\" data-id=\"fea18bb\" data-element_type=\"widget\" data-widget_type=\"text-editor.default\">\n\t\t\t\t<div class=\"elementor-widget-container\">\n\t\t\t\t\t\t\t<p><strong>FAMOS MARINE INTERIOR SYSTEMS<\/strong> bietet den gesamten Prozess von der Entwurfsphase bis hin zur Produktion und finalen Installation an. Mit einer bewiesenen Erfolgsquote ist unsere Projektmanagement- und Produktionsabteilung in der Lage, die anspruchsvollsten Herausforderungen bei allen Marineprojekten, von Reparaturen bis hin zu Neubauten zu meistern.<\/p>\t\t\t\t\t\t<\/div>\n\t\t\t\t<\/div>\n\t\t\t\t\t<\/div>\n\t\t<\/div>\n\t\t\t\t\t\t\t<\/div>\n\t\t<\/section>\n\t\t\t\t<section class=\"elementor-section elementor-top-section elementor-element elementor-element-4c23401 elementor-section-boxed elementor-section-height-default elementor-section-height-default\" data-id=\"4c23401\" data-element_type=\"section\">\n\t\t\t\t\t\t<div class=\"elementor-container elementor-column-gap-default\">\n\t\t\t\t\t<div class=\"elementor-column elementor-col-100 elementor-top-column elementor-element elementor-element-0293ad0\" data-id=\"0293ad0\" data-element_type=\"column\">\n\t\t\t<div class=\"elementor-widget-wrap elementor-element-populated\">\n\t\t\t\t\t\t\t\t<div class=\"elementor-element elementor-element-8bebb18 elementor-widget-divider--view-line elementor-widget elementor-widget-divider\" data-id=\"8bebb18\" data-element_type=\"widget\" data-widget_type=\"divider.default\">\n\t\t\t\t<div class=\"elementor-widget-container\">\n\t\t\t\t\t<div class=\"elementor-divider\">\n\t\t\t<span class=\"elementor-divider-separator\">\n\t\t\t\t\t\t<\/span>\n\t\t<\/div>\n\t\t\t\t<\/div>\n\t\t\t\t<\/div>\n\t\t\t\t\t<\/div>\n\t\t<\/div>\n\t\t\t\t\t\t\t<\/div>\n\t\t<\/section>\n\t\t\t\t<section class=\"elementor-section elementor-top-section elementor-element elementor-element-0a175cd elementor-section-boxed elementor-section-height-default elementor-section-height-default\" data-id=\"0a175cd\" data-element_type=\"section\">\n\t\t\t\t\t\t<div class=\"elementor-container elementor-column-gap-default\">\n\t\t\t\t\t<div class=\"elementor-column elementor-col-50 elementor-top-column elementor-element elementor-element-b7122a6\" data-id=\"b7122a6\" data-element_type=\"column\">\n\t\t\t<div class=\"elementor-widget-wrap elementor-element-populated\">\n\t\t\t\t\t\t\t\t<div class=\"elementor-element elementor-element-1e950d4 elementor-widget elementor-widget-image\" data-id=\"1e950d4\" data-element_type=\"widget\" data-widget_type=\"image.default\">\n\t\t\t\t<div class=\"elementor-widget-container\">\n\t\t\t\t\t\t\t\t\t\t\t\t\t\t\t<img loading=\"lazy\" decoding=\"async\" width=\"800\" height=\"412\" src=\"https:\/\/sec-systems.pl\/wp-content\/uploads\/2021\/11\/honey.png\" class=\"attachment-large size-large wp-image-425\" alt=\"\" srcset=\"https:\/\/sec-systems.pl\/wp-content\/uploads\/2021\/11\/honey.png 900w, https:\/\/sec-systems.pl\/wp-content\/uploads\/2021\/11\/honey-300x155.png 300w, https:\/\/sec-systems.pl\/wp-content\/uploads\/2021\/11\/honey-768x396.png 768w\" sizes=\"auto, (max-width: 800px) 100vw, 800px\" \/>\t\t\t\t\t\t\t\t\t\t\t\t\t\t\t<\/div>\n\t\t\t\t<\/div>\n\t\t\t\t\t<\/div>\n\t\t<\/div>\n\t\t\t\t<div class=\"elementor-column elementor-col-50 elementor-top-column elementor-element elementor-element-ecf55a8\" data-id=\"ecf55a8\" data-element_type=\"column\">\n\t\t\t<div class=\"elementor-widget-wrap elementor-element-populated\">\n\t\t\t\t\t\t\t\t<div class=\"elementor-element elementor-element-fa4ef81 elementor-widget elementor-widget-text-editor\" data-id=\"fa4ef81\" data-element_type=\"widget\" data-widget_type=\"text-editor.default\">\n\t\t\t\t<div class=\"elementor-widget-container\">\n\t\t\t\t\t\t\t<p><strong>FAMOS MARINE INTERIOR SYSTEMS<\/strong> ist der Hersteller von leichten Wandpaneelen, Deckensystemen, und leichten Flammabweisenden M\u00f6beln. Das Grundkernmaterial ist eine Aluminiumwabe, die mit einem Aluminiumblech \u00fcberzogen ist. Mehrere Ausf\u00fchrungsoptionen werden angeboten.<\/p>\t\t\t\t\t\t<\/div>\n\t\t\t\t<\/div>\n\t\t\t\t<div class=\"elementor-element elementor-element-8f7fb73 elementor-widget elementor-widget-text-editor\" data-id=\"8f7fb73\" data-element_type=\"widget\" data-widget_type=\"text-editor.default\">\n\t\t\t\t<div class=\"elementor-widget-container\">\n\t\t\t\t\t\t\t<p>Zum Beispiel:<\/p>\t\t\t\t\t\t<\/div>\n\t\t\t\t<\/div>\n\t\t\t\t<div class=\"elementor-element elementor-element-d2252d4 elementor-icon-list--layout-traditional elementor-list-item-link-full_width elementor-widget elementor-widget-icon-list\" data-id=\"d2252d4\" data-element_type=\"widget\" data-widget_type=\"icon-list.default\">\n\t\t\t\t<div class=\"elementor-widget-container\">\n\t\t\t\t\t<ul class=\"elementor-icon-list-items\">\n\t\t\t\t\t\t\t<li class=\"elementor-icon-list-item\">\n\t\t\t\t\t\t\t\t\t\t\t<span class=\"elementor-icon-list-icon\">\n\t\t\t\t\t\t\t<i aria-hidden=\"true\" class=\"fas fa-check\"><\/i>\t\t\t\t\t\t<\/span>\n\t\t\t\t\t\t\t\t\t\t<span class=\"elementor-icon-list-text\">RAL-Lackierung<\/span>\n\t\t\t\t\t\t\t\t\t<\/li>\n\t\t\t\t\t\t\t\t<li class=\"elementor-icon-list-item\">\n\t\t\t\t\t\t\t\t\t\t\t<span class=\"elementor-icon-list-icon\">\n\t\t\t\t\t\t\t<i aria-hidden=\"true\" class=\"fas fa-check\"><\/i>\t\t\t\t\t\t<\/span>\n\t\t\t\t\t\t\t\t\t\t<span class=\"elementor-icon-list-text\">PVC-Folie<\/span>\n\t\t\t\t\t\t\t\t\t<\/li>\n\t\t\t\t\t\t\t\t<li class=\"elementor-icon-list-item\">\n\t\t\t\t\t\t\t\t\t\t\t<span class=\"elementor-icon-list-icon\">\n\t\t\t\t\t\t\t<i aria-hidden=\"true\" class=\"fas fa-check\"><\/i>\t\t\t\t\t\t<\/span>\n\t\t\t\t\t\t\t\t\t\t<span class=\"elementor-icon-list-text\">HPL<\/span>\n\t\t\t\t\t\t\t\t\t<\/li>\n\t\t\t\t\t\t\t\t<li class=\"elementor-icon-list-item\">\n\t\t\t\t\t\t\t\t\t\t\t<span class=\"elementor-icon-list-icon\">\n\t\t\t\t\t\t\t<i aria-hidden=\"true\" class=\"fas fa-check\"><\/i>\t\t\t\t\t\t<\/span>\n\t\t\t\t\t\t\t\t\t\t<span class=\"elementor-icon-list-text\">Pur f\u00fcr individuelles Finish<\/span>\n\t\t\t\t\t\t\t\t\t<\/li>\n\t\t\t\t\t\t<\/ul>\n\t\t\t\t<\/div>\n\t\t\t\t<\/div>\n\t\t\t\t<div class=\"elementor-element elementor-element-7b802e4 elementor-widget elementor-widget-text-editor\" data-id=\"7b802e4\" data-element_type=\"widget\" data-widget_type=\"text-editor.default\">\n\t\t\t\t<div class=\"elementor-widget-container\">\n\t\t\t\t\t\t\t<p>Die wichtigsten Eigenschaften des Produkts:<\/p>\t\t\t\t\t\t<\/div>\n\t\t\t\t<\/div>\n\t\t\t\t<div class=\"elementor-element elementor-element-6ff7638 elementor-icon-list--layout-traditional elementor-list-item-link-full_width elementor-widget elementor-widget-icon-list\" data-id=\"6ff7638\" data-element_type=\"widget\" data-widget_type=\"icon-list.default\">\n\t\t\t\t<div class=\"elementor-widget-container\">\n\t\t\t\t\t<ul class=\"elementor-icon-list-items\">\n\t\t\t\t\t\t\t<li class=\"elementor-icon-list-item\">\n\t\t\t\t\t\t\t\t\t\t\t<span class=\"elementor-icon-list-icon\">\n\t\t\t\t\t\t\t<i aria-hidden=\"true\" class=\"fas fa-check\"><\/i>\t\t\t\t\t\t<\/span>\n\t\t\t\t\t\t\t\t\t\t<span class=\"elementor-icon-list-text\">Extrem leicht<\/span>\n\t\t\t\t\t\t\t\t\t<\/li>\n\t\t\t\t\t\t\t\t<li class=\"elementor-icon-list-item\">\n\t\t\t\t\t\t\t\t\t\t\t<span class=\"elementor-icon-list-icon\">\n\t\t\t\t\t\t\t<i aria-hidden=\"true\" class=\"fas fa-check\"><\/i>\t\t\t\t\t\t<\/span>\n\t\t\t\t\t\t\t\t\t\t<span class=\"elementor-icon-list-text\">Festigkeit<\/span>\n\t\t\t\t\t\t\t\t\t<\/li>\n\t\t\t\t\t\t\t\t<li class=\"elementor-icon-list-item\">\n\t\t\t\t\t\t\t\t\t\t\t<span class=\"elementor-icon-list-icon\">\n\t\t\t\t\t\t\t<i aria-hidden=\"true\" class=\"fas fa-check\"><\/i>\t\t\t\t\t\t<\/span>\n\t\t\t\t\t\t\t\t\t\t<span class=\"elementor-icon-list-text\">Schwer entflammbar und raucharm<\/span>\n\t\t\t\t\t\t\t\t\t<\/li>\n\t\t\t\t\t\t<\/ul>\n\t\t\t\t<\/div>\n\t\t\t\t<\/div>\n\t\t\t\t<div class=\"elementor-element elementor-element-80ae7d2 elementor-widget elementor-widget-text-editor\" data-id=\"80ae7d2\" data-element_type=\"widget\" data-widget_type=\"text-editor.default\">\n\t\t\t\t<div class=\"elementor-widget-container\">\n\t\t\t\t\t\t\t<p>Die produktbasierte Aluminiumwabe wird h\u00e4ufig auf Yachten, Patrouillenschiffen und Marineeinheiten verwendet.<\/p>\t\t\t\t\t\t<\/div>\n\t\t\t\t<\/div>\n\t\t\t\t\t<\/div>\n\t\t<\/div>\n\t\t\t\t\t\t\t<\/div>\n\t\t<\/section>\n\t\t\t\t<section class=\"elementor-section elementor-top-section elementor-element elementor-element-0d8f351 elementor-section-boxed elementor-section-height-default elementor-section-height-default\" data-id=\"0d8f351\" data-element_type=\"section\">\n\t\t\t\t\t\t<div class=\"elementor-container elementor-column-gap-default\">\n\t\t\t\t\t<div class=\"elementor-column elementor-col-100 elementor-top-column elementor-element elementor-element-cd22d60\" data-id=\"cd22d60\" data-element_type=\"column\">\n\t\t\t<div class=\"elementor-widget-wrap elementor-element-populated\">\n\t\t\t\t\t\t\t\t<div class=\"elementor-element elementor-element-914acca elementor-widget elementor-widget-spacer\" data-id=\"914acca\" data-element_type=\"widget\" data-widget_type=\"spacer.default\">\n\t\t\t\t<div class=\"elementor-widget-container\">\n\t\t\t\t\t<div class=\"elementor-spacer\">\n\t\t\t<div class=\"elementor-spacer-inner\"><\/div>\n\t\t<\/div>\n\t\t\t\t<\/div>\n\t\t\t\t<\/div>\n\t\t\t\t\t<\/div>\n\t\t<\/div>\n\t\t\t\t\t\t\t<\/div>\n\t\t<\/section>\n\t\t\t\t\t\t\t<\/div>\n\t\t","protected":false},"excerpt":{"rendered":"<p>MARINE INDUSTRIE FAMOS MARINE INTERIOR SYSTEMS bietet L\u00f6sungen f\u00fcr die Produktion und Installation von Komplettsystemen f\u00fcr Marine-Einheiten. Das System basiert auf einem entwickelten System und wird f\u00fcr jedes Projekt ma\u00dfgeschneidert. Jedes Projekt wird von unserer Konstruktionsabteilung individuell gepr\u00fcft und anschlie\u00dfend nach Ma\u00df gefertigt. FAMOS MARINE INTERIOR SYSTEMS produziert W\u00e4nde, Deckenpaneele, T\u00fcren einschlie\u00dflich Inspektionst\u00fcren mit Aluminium-Wabensystem [&hellip;]<\/p>\n","protected":false},"author":1,"featured_media":0,"parent":2203,"menu_order":0,"comment_status":"closed","ping_status":"closed","template":"","meta":{"footnotes":""},"class_list":["post-2267","page","type-page","status-publish","hentry"],"yoast_head":"<!-- This site is optimized with the Yoast SEO plugin v27.0 - https:\/\/yoast.com\/product\/yoast-seo-wordpress\/ -->\n<title>MARINE INDUSTRIE - FAMOS MARINE INTERIOR SYSTEMS<\/title>\n<meta name=\"robots\" content=\"index, follow, max-snippet:-1, max-image-preview:large, max-video-preview:-1\" \/>\n<link rel=\"canonical\" href=\"https:\/\/sec-systems.pl\/we-offer\/navy\/\" \/>\n<meta property=\"og:locale\" content=\"de_DE\" \/>\n<meta property=\"og:type\" content=\"article\" \/>\n<meta property=\"og:title\" content=\"MARINE INDUSTRIE - FAMOS MARINE INTERIOR SYSTEMS\" \/>\n<meta property=\"og:description\" content=\"MARINE INDUSTRIE FAMOS MARINE INTERIOR SYSTEMS bietet L\u00f6sungen f\u00fcr die Produktion und Installation von Komplettsystemen f\u00fcr Marine-Einheiten. Das System basiert auf einem entwickelten System und wird f\u00fcr jedes Projekt ma\u00dfgeschneidert. Jedes Projekt wird von unserer Konstruktionsabteilung individuell gepr\u00fcft und anschlie\u00dfend nach Ma\u00df gefertigt. FAMOS MARINE INTERIOR SYSTEMS produziert W\u00e4nde, Deckenpaneele, T\u00fcren einschlie\u00dflich Inspektionst\u00fcren mit Aluminium-Wabensystem [&hellip;]\" \/>\n<meta property=\"og:url\" content=\"https:\/\/sec-systems.pl\/we-offer\/navy\/\" \/>\n<meta property=\"og:site_name\" content=\"FAMOS MARINE INTERIOR SYSTEMS\" \/>\n<meta property=\"article:modified_time\" content=\"2026-02-05T12:25:59+00:00\" \/>\n<meta property=\"og:image\" content=\"https:\/\/sec-systems.pl\/wp-content\/uploads\/2021\/11\/honey.png\" \/>\n<meta name=\"twitter:card\" content=\"summary_large_image\" \/>\n<meta name=\"twitter:label1\" content=\"Gesch\u00e4tzte Lesezeit\" \/>\n\t<meta name=\"twitter:data1\" content=\"2\u00a0Minuten\" \/>\n<script type=\"application\/ld+json\" class=\"yoast-schema-graph\">{\"@context\":\"https:\/\/schema.org\",\"@graph\":[{\"@type\":\"WebPage\",\"@id\":\"https:\/\/sec-systems.pl\/we-offer\/navy\/\",\"url\":\"https:\/\/sec-systems.pl\/we-offer\/navy\/\",\"name\":\"MARINE INDUSTRIE - FAMOS MARINE INTERIOR SYSTEMS\",\"isPartOf\":{\"@id\":\"https:\/\/sec-systems.pl\/#website\"},\"primaryImageOfPage\":{\"@id\":\"https:\/\/sec-systems.pl\/we-offer\/navy\/#primaryimage\"},\"image\":{\"@id\":\"https:\/\/sec-systems.pl\/we-offer\/navy\/#primaryimage\"},\"thumbnailUrl\":\"https:\/\/sec-systems.pl\/wp-content\/uploads\/2021\/11\/honey.png\",\"datePublished\":\"2023-10-04T11:03:44+00:00\",\"dateModified\":\"2026-02-05T12:25:59+00:00\",\"breadcrumb\":{\"@id\":\"https:\/\/sec-systems.pl\/we-offer\/navy\/#breadcrumb\"},\"inLanguage\":\"de\",\"potentialAction\":[{\"@type\":\"ReadAction\",\"target\":[\"https:\/\/sec-systems.pl\/we-offer\/navy\/\"]}]},{\"@type\":\"ImageObject\",\"inLanguage\":\"de\",\"@id\":\"https:\/\/sec-systems.pl\/we-offer\/navy\/#primaryimage\",\"url\":\"https:\/\/sec-systems.pl\/wp-content\/uploads\/2021\/11\/honey.png\",\"contentUrl\":\"https:\/\/sec-systems.pl\/wp-content\/uploads\/2021\/11\/honey.png\"},{\"@type\":\"BreadcrumbList\",\"@id\":\"https:\/\/sec-systems.pl\/we-offer\/navy\/#breadcrumb\",\"itemListElement\":[{\"@type\":\"ListItem\",\"position\":1,\"name\":\"Home\",\"item\":\"https:\/\/sec-systems.pl\/\"},{\"@type\":\"ListItem\",\"position\":2,\"name\":\"PRODUKTE\",\"item\":\"https:\/\/sec-systems.pl\/de\/produkte\/\"},{\"@type\":\"ListItem\",\"position\":3,\"name\":\"MARINE INDUSTRIE\"}]},{\"@type\":\"WebSite\",\"@id\":\"https:\/\/sec-systems.pl\/#website\",\"url\":\"https:\/\/sec-systems.pl\/\",\"name\":\"FAMOS MARINE INTERIOR SYSTEMS\",\"description\":\"\",\"publisher\":{\"@id\":\"https:\/\/sec-systems.pl\/#organization\"},\"potentialAction\":[{\"@type\":\"SearchAction\",\"target\":{\"@type\":\"EntryPoint\",\"urlTemplate\":\"https:\/\/sec-systems.pl\/?s={search_term_string}\"},\"query-input\":{\"@type\":\"PropertyValueSpecification\",\"valueRequired\":true,\"valueName\":\"search_term_string\"}}],\"inLanguage\":\"de\"},{\"@type\":\"Organization\",\"@id\":\"https:\/\/sec-systems.pl\/#organization\",\"name\":\"FAMOS MARINE INTERIOR SYSTEMS\",\"url\":\"https:\/\/sec-systems.pl\/\",\"logo\":{\"@type\":\"ImageObject\",\"inLanguage\":\"de\",\"@id\":\"https:\/\/sec-systems.pl\/#\/schema\/logo\/image\/\",\"url\":\"https:\/\/sec-systems.pl\/wp-content\/uploads\/2021\/10\/logo_sec_uc.png\",\"contentUrl\":\"https:\/\/sec-systems.pl\/wp-content\/uploads\/2021\/10\/logo_sec_uc.png\",\"width\":300,\"height\":200,\"caption\":\"FAMOS MARINE INTERIOR SYSTEMS\"},\"image\":{\"@id\":\"https:\/\/sec-systems.pl\/#\/schema\/logo\/image\/\"}}]}<\/script>\n<!-- \/ Yoast SEO plugin. -->","yoast_head_json":{"title":"MARINE INDUSTRIE - FAMOS MARINE INTERIOR SYSTEMS","robots":{"index":"index","follow":"follow","max-snippet":"max-snippet:-1","max-image-preview":"max-image-preview:large","max-video-preview":"max-video-preview:-1"},"canonical":"https:\/\/sec-systems.pl\/we-offer\/navy\/","og_locale":"de_DE","og_type":"article","og_title":"MARINE INDUSTRIE - FAMOS MARINE INTERIOR SYSTEMS","og_description":"MARINE INDUSTRIE FAMOS MARINE INTERIOR SYSTEMS bietet L\u00f6sungen f\u00fcr die Produktion und Installation von Komplettsystemen f\u00fcr Marine-Einheiten. Das System basiert auf einem entwickelten System und wird f\u00fcr jedes Projekt ma\u00dfgeschneidert. Jedes Projekt wird von unserer Konstruktionsabteilung individuell gepr\u00fcft und anschlie\u00dfend nach Ma\u00df gefertigt. FAMOS MARINE INTERIOR SYSTEMS produziert W\u00e4nde, Deckenpaneele, T\u00fcren einschlie\u00dflich Inspektionst\u00fcren mit Aluminium-Wabensystem [&hellip;]","og_url":"https:\/\/sec-systems.pl\/we-offer\/navy\/","og_site_name":"FAMOS MARINE INTERIOR SYSTEMS","article_modified_time":"2026-02-05T12:25:59+00:00","og_image":[{"url":"https:\/\/sec-systems.pl\/wp-content\/uploads\/2021\/11\/honey.png","type":"","width":"","height":""}],"twitter_card":"summary_large_image","twitter_misc":{"Gesch\u00e4tzte Lesezeit":"2\u00a0Minuten"},"schema":{"@context":"https:\/\/schema.org","@graph":[{"@type":"WebPage","@id":"https:\/\/sec-systems.pl\/we-offer\/navy\/","url":"https:\/\/sec-systems.pl\/we-offer\/navy\/","name":"MARINE INDUSTRIE - FAMOS MARINE INTERIOR SYSTEMS","isPartOf":{"@id":"https:\/\/sec-systems.pl\/#website"},"primaryImageOfPage":{"@id":"https:\/\/sec-systems.pl\/we-offer\/navy\/#primaryimage"},"image":{"@id":"https:\/\/sec-systems.pl\/we-offer\/navy\/#primaryimage"},"thumbnailUrl":"https:\/\/sec-systems.pl\/wp-content\/uploads\/2021\/11\/honey.png","datePublished":"2023-10-04T11:03:44+00:00","dateModified":"2026-02-05T12:25:59+00:00","breadcrumb":{"@id":"https:\/\/sec-systems.pl\/we-offer\/navy\/#breadcrumb"},"inLanguage":"de","potentialAction":[{"@type":"ReadAction","target":["https:\/\/sec-systems.pl\/we-offer\/navy\/"]}]},{"@type":"ImageObject","inLanguage":"de","@id":"https:\/\/sec-systems.pl\/we-offer\/navy\/#primaryimage","url":"https:\/\/sec-systems.pl\/wp-content\/uploads\/2021\/11\/honey.png","contentUrl":"https:\/\/sec-systems.pl\/wp-content\/uploads\/2021\/11\/honey.png"},{"@type":"BreadcrumbList","@id":"https:\/\/sec-systems.pl\/we-offer\/navy\/#breadcrumb","itemListElement":[{"@type":"ListItem","position":1,"name":"Home","item":"https:\/\/sec-systems.pl\/"},{"@type":"ListItem","position":2,"name":"PRODUKTE","item":"https:\/\/sec-systems.pl\/de\/produkte\/"},{"@type":"ListItem","position":3,"name":"MARINE INDUSTRIE"}]},{"@type":"WebSite","@id":"https:\/\/sec-systems.pl\/#website","url":"https:\/\/sec-systems.pl\/","name":"FAMOS MARINE INTERIOR SYSTEMS","description":"","publisher":{"@id":"https:\/\/sec-systems.pl\/#organization"},"potentialAction":[{"@type":"SearchAction","target":{"@type":"EntryPoint","urlTemplate":"https:\/\/sec-systems.pl\/?s={search_term_string}"},"query-input":{"@type":"PropertyValueSpecification","valueRequired":true,"valueName":"search_term_string"}}],"inLanguage":"de"},{"@type":"Organization","@id":"https:\/\/sec-systems.pl\/#organization","name":"FAMOS MARINE INTERIOR SYSTEMS","url":"https:\/\/sec-systems.pl\/","logo":{"@type":"ImageObject","inLanguage":"de","@id":"https:\/\/sec-systems.pl\/#\/schema\/logo\/image\/","url":"https:\/\/sec-systems.pl\/wp-content\/uploads\/2021\/10\/logo_sec_uc.png","contentUrl":"https:\/\/sec-systems.pl\/wp-content\/uploads\/2021\/10\/logo_sec_uc.png","width":300,"height":200,"caption":"FAMOS MARINE INTERIOR SYSTEMS"},"image":{"@id":"https:\/\/sec-systems.pl\/#\/schema\/logo\/image\/"}}]}},"_links":{"self":[{"href":"https:\/\/sec-systems.pl\/de\/wp-json\/wp\/v2\/pages\/2267","targetHints":{"allow":["GET"]}}],"collection":[{"href":"https:\/\/sec-systems.pl\/de\/wp-json\/wp\/v2\/pages"}],"about":[{"href":"https:\/\/sec-systems.pl\/de\/wp-json\/wp\/v2\/types\/page"}],"author":[{"embeddable":true,"href":"https:\/\/sec-systems.pl\/de\/wp-json\/wp\/v2\/users\/1"}],"replies":[{"embeddable":true,"href":"https:\/\/sec-systems.pl\/de\/wp-json\/wp\/v2\/comments?post=2267"}],"version-history":[{"count":13,"href":"https:\/\/sec-systems.pl\/de\/wp-json\/wp\/v2\/pages\/2267\/revisions"}],"predecessor-version":[{"id":4586,"href":"https:\/\/sec-systems.pl\/de\/wp-json\/wp\/v2\/pages\/2267\/revisions\/4586"}],"up":[{"embeddable":true,"href":"https:\/\/sec-systems.pl\/de\/wp-json\/wp\/v2\/pages\/2203"}],"wp:attachment":[{"href":"https:\/\/sec-systems.pl\/de\/wp-json\/wp\/v2\/media?parent=2267"}],"curies":[{"name":"wp","href":"https:\/\/api.w.org\/{rel}","templated":true}]}}