{"id":2123,"date":"2023-10-03T19:58:08","date_gmt":"2023-10-03T17:58:08","guid":{"rendered":"https:\/\/sec-systems.pl\/?page_id=2123"},"modified":"2026-02-05T13:25:29","modified_gmt":"2026-02-05T12:25:29","slug":"ueber-uns","status":"publish","type":"page","link":"https:\/\/sec-systems.pl\/de\/ueber-uns\/","title":{"rendered":"\u00dcBER UNS"},"content":{"rendered":"\t\t<div data-elementor-type=\"wp-page\" data-elementor-id=\"2123\" class=\"elementor elementor-2123\" data-elementor-post-type=\"page\">\n\t\t\t\t\t\t\t\t\t<section class=\"elementor-section elementor-top-section elementor-element elementor-element-5aec5ae elementor-section-boxed elementor-section-height-default elementor-section-height-default\" data-id=\"5aec5ae\" data-element_type=\"section\" data-settings=\"{&quot;background_background&quot;:&quot;classic&quot;}\">\n\t\t\t\t\t\t<div class=\"elementor-container elementor-column-gap-default\">\n\t\t\t\t\t<div class=\"elementor-column elementor-col-100 elementor-top-column elementor-element elementor-element-3902608\" data-id=\"3902608\" data-element_type=\"column\">\n\t\t\t<div class=\"elementor-widget-wrap elementor-element-populated\">\n\t\t\t\t\t\t\t\t<div class=\"elementor-element elementor-element-aaa7283 elementor-widget elementor-widget-spacer\" data-id=\"aaa7283\" data-element_type=\"widget\" data-widget_type=\"spacer.default\">\n\t\t\t\t<div class=\"elementor-widget-container\">\n\t\t\t\t\t<div class=\"elementor-spacer\">\n\t\t\t<div class=\"elementor-spacer-inner\"><\/div>\n\t\t<\/div>\n\t\t\t\t<\/div>\n\t\t\t\t<\/div>\n\t\t\t\t\t<\/div>\n\t\t<\/div>\n\t\t\t\t\t\t\t<\/div>\n\t\t<\/section>\n\t\t\t\t<section class=\"elementor-section elementor-top-section elementor-element elementor-element-23e898f elementor-section-boxed elementor-section-height-default elementor-section-height-default\" data-id=\"23e898f\" data-element_type=\"section\" data-settings=\"{&quot;background_background&quot;:&quot;classic&quot;}\">\n\t\t\t\t\t\t<div class=\"elementor-container elementor-column-gap-default\">\n\t\t\t\t\t<div class=\"elementor-column elementor-col-100 elementor-top-column elementor-element elementor-element-61eefff\" data-id=\"61eefff\" data-element_type=\"column\">\n\t\t\t<div class=\"elementor-widget-wrap elementor-element-populated\">\n\t\t\t\t\t\t\t\t<div class=\"elementor-element elementor-element-1270e8a elementor-widget elementor-widget-spacer\" data-id=\"1270e8a\" data-element_type=\"widget\" data-widget_type=\"spacer.default\">\n\t\t\t\t<div class=\"elementor-widget-container\">\n\t\t\t\t\t<div class=\"elementor-spacer\">\n\t\t\t<div class=\"elementor-spacer-inner\"><\/div>\n\t\t<\/div>\n\t\t\t\t<\/div>\n\t\t\t\t<\/div>\n\t\t\t\t<div class=\"elementor-element elementor-element-89c037f elementor-position-left elementor-view-default elementor-mobile-position-top elementor-vertical-align-top elementor-widget elementor-widget-icon-box\" data-id=\"89c037f\" data-element_type=\"widget\" data-widget_type=\"icon-box.default\">\n\t\t\t\t<div class=\"elementor-widget-container\">\n\t\t\t\t\t<div class=\"elementor-icon-box-wrapper\">\n\t\t\t\t\t\t<div class=\"elementor-icon-box-icon\">\n\t\t\t\t<span  class=\"elementor-icon elementor-animation-\">\n\t\t\t\t<i aria-hidden=\"true\" class=\"fas fa-square-full\"><\/i>\t\t\t\t<\/span>\n\t\t\t<\/div>\n\t\t\t\t\t\t<div class=\"elementor-icon-box-content\">\n\t\t\t\t<h3 class=\"elementor-icon-box-title\">\n\t\t\t\t\t<span  >\n\t\t\t\t\t\t\u00dcBER UNS\t\t\t\t\t<\/span>\n\t\t\t\t<\/h3>\n\t\t\t\t\t\t\t<\/div>\n\t\t<\/div>\n\t\t\t\t<\/div>\n\t\t\t\t<\/div>\n\t\t\t\t\t<\/div>\n\t\t<\/div>\n\t\t\t\t\t\t\t<\/div>\n\t\t<\/section>\n\t\t\t\t<section class=\"elementor-section elementor-top-section elementor-element elementor-element-b7ff918 elementor-section-boxed elementor-section-height-default elementor-section-height-default\" data-id=\"b7ff918\" data-element_type=\"section\" data-settings=\"{&quot;background_background&quot;:&quot;classic&quot;}\">\n\t\t\t\t\t\t<div class=\"elementor-container elementor-column-gap-default\">\n\t\t\t\t\t<div class=\"elementor-column elementor-col-50 elementor-top-column elementor-element elementor-element-4cc4268\" data-id=\"4cc4268\" data-element_type=\"column\">\n\t\t\t<div class=\"elementor-widget-wrap elementor-element-populated\">\n\t\t\t\t\t\t\t\t<div class=\"elementor-element elementor-element-54e9434 elementor-widget elementor-widget-text-editor\" data-id=\"54e9434\" data-element_type=\"widget\" data-widget_type=\"text-editor.default\">\n\t\t\t\t<div class=\"elementor-widget-container\">\n\t\t\t\t\t\t\t<p><strong>FAMOS MARINE INTERIOR SYSTEMS<\/strong> ist der f\u00fchrende Hersteller von Inneneinrichtungssystemen f\u00fcr Marine, Schiffsfahrt (z.B. Passagier- und Kreuzfahrtschiffe, Forschungsschiffe, Yachten) sowie Offshore und Onshore.<\/p><p>Unser Angebot verf\u00fcgt \u00fcber eine breite Auswahl an Metall Produkten wie Wand und Decken Systeme, T\u00fcren, M\u00f6bel, ma\u00dfangefertigte Produkte f\u00fcr Marine mit speziell leichten anti-Schock L\u00f6sungen. Unsere Hauptprodukte sind MED-Zertifiziert.<\/p>\t\t\t\t\t\t<\/div>\n\t\t\t\t<\/div>\n\t\t\t\t\t<\/div>\n\t\t<\/div>\n\t\t\t\t<div class=\"elementor-column elementor-col-50 elementor-top-column elementor-element elementor-element-051c878\" data-id=\"051c878\" data-element_type=\"column\">\n\t\t\t<div class=\"elementor-widget-wrap elementor-element-populated\">\n\t\t\t\t\t\t\t\t<div class=\"elementor-element elementor-element-eab0471 elementor-widget elementor-widget-text-editor\" data-id=\"eab0471\" data-element_type=\"widget\" data-widget_type=\"text-editor.default\">\n\t\t\t\t<div class=\"elementor-widget-container\">\n\t\t\t\t\t\t\t<p>Wir unterst\u00fctzen unsere Klienten mit Ingenieurfachwissen, speziellen Designl\u00f6sungen sowie herausfordernden Logistikdienstleistungen.<\/p><p>Unsere Produktion wird unterst\u00fctzt von ISO 9001 LRQA Qualit\u00e4ts- und Managementsystemen.<\/p>\t\t\t\t\t\t<\/div>\n\t\t\t\t<\/div>\n\t\t\t\t\t<\/div>\n\t\t<\/div>\n\t\t\t\t\t\t\t<\/div>\n\t\t<\/section>\n\t\t\t\t<section class=\"elementor-section elementor-top-section elementor-element elementor-element-ebbf64f elementor-hidden-desktop elementor-hidden-tablet elementor-hidden-mobile elementor-section-boxed elementor-section-height-default elementor-section-height-default\" data-id=\"ebbf64f\" data-element_type=\"section\">\n\t\t\t\t\t\t<div class=\"elementor-container elementor-column-gap-default\">\n\t\t\t\t\t<div class=\"elementor-column elementor-col-33 elementor-top-column elementor-element elementor-element-74e71a4\" data-id=\"74e71a4\" data-element_type=\"column\">\n\t\t\t<div class=\"elementor-widget-wrap\">\n\t\t\t\t\t\t\t\t\t<\/div>\n\t\t<\/div>\n\t\t\t\t<div class=\"elementor-column elementor-col-33 elementor-top-column elementor-element elementor-element-d54da49\" data-id=\"d54da49\" data-element_type=\"column\">\n\t\t\t<div class=\"elementor-widget-wrap elementor-element-populated\">\n\t\t\t\t\t\t\t\t<div class=\"elementor-element elementor-element-bf73eea elementor-align-justify elementor-widget elementor-widget-button\" data-id=\"bf73eea\" data-element_type=\"widget\" data-widget_type=\"button.default\">\n\t\t\t\t<div class=\"elementor-widget-container\">\n\t\t\t\t\t<div class=\"elementor-button-wrapper\">\n\t\t\t<a class=\"elementor-button elementor-button-link elementor-size-sm\" href=\"https:\/\/sec-systems.pl\/wp-content\/uploads\/2023\/06\/quality-policy.pdf\" target=\"_blank\">\n\t\t\t\t\t\t<span class=\"elementor-button-content-wrapper\">\n\t\t\t\t\t\t<span class=\"elementor-button-text\">Quality policy (PDF)<\/span>\n\t\t<\/span>\n\t\t\t\t\t<\/a>\n\t\t<\/div>\n\t\t\t\t<\/div>\n\t\t\t\t<\/div>\n\t\t\t\t\t<\/div>\n\t\t<\/div>\n\t\t\t\t<div class=\"elementor-column elementor-col-33 elementor-top-column elementor-element elementor-element-eb941a9\" data-id=\"eb941a9\" data-element_type=\"column\">\n\t\t\t<div class=\"elementor-widget-wrap elementor-element-populated\">\n\t\t\t\t\t\t\t\t<div class=\"elementor-element elementor-element-200871f elementor-align-justify elementor-widget elementor-widget-button\" data-id=\"200871f\" data-element_type=\"widget\" data-widget_type=\"button.default\">\n\t\t\t\t<div class=\"elementor-widget-container\">\n\t\t\t\t\t<div class=\"elementor-button-wrapper\">\n\t\t\t<a class=\"elementor-button elementor-button-link elementor-size-sm\" href=\"https:\/\/sec-systems.pl\/wp-content\/uploads\/2023\/06\/environmental-policy.pdf\" target=\"_blank\">\n\t\t\t\t\t\t<span class=\"elementor-button-content-wrapper\">\n\t\t\t\t\t\t<span class=\"elementor-button-text\">Environmental policy (PDF)<\/span>\n\t\t<\/span>\n\t\t\t\t\t<\/a>\n\t\t<\/div>\n\t\t\t\t<\/div>\n\t\t\t\t<\/div>\n\t\t\t\t\t<\/div>\n\t\t<\/div>\n\t\t\t\t\t\t\t<\/div>\n\t\t<\/section>\n\t\t\t\t<section class=\"elementor-section elementor-top-section elementor-element elementor-element-3a9dc69 elementor-section-boxed elementor-section-height-default elementor-section-height-default\" data-id=\"3a9dc69\" data-element_type=\"section\">\n\t\t\t\t\t\t<div class=\"elementor-container elementor-column-gap-default\">\n\t\t\t\t\t<div class=\"elementor-column elementor-col-100 elementor-top-column elementor-element elementor-element-a3b0a51\" data-id=\"a3b0a51\" data-element_type=\"column\">\n\t\t\t<div class=\"elementor-widget-wrap elementor-element-populated\">\n\t\t\t\t\t\t\t\t<div class=\"elementor-element elementor-element-dc44048 elementor-widget elementor-widget-spacer\" data-id=\"dc44048\" data-element_type=\"widget\" data-widget_type=\"spacer.default\">\n\t\t\t\t<div class=\"elementor-widget-container\">\n\t\t\t\t\t<div class=\"elementor-spacer\">\n\t\t\t<div class=\"elementor-spacer-inner\"><\/div>\n\t\t<\/div>\n\t\t\t\t<\/div>\n\t\t\t\t<\/div>\n\t\t\t\t\t<\/div>\n\t\t<\/div>\n\t\t\t\t\t\t\t<\/div>\n\t\t<\/section>\n\t\t\t\t\t\t\t<\/div>\n\t\t","protected":false},"excerpt":{"rendered":"<p>\u00dcBER UNS FAMOS MARINE INTERIOR SYSTEMS ist der f\u00fchrende Hersteller von Inneneinrichtungssystemen f\u00fcr Marine, Schiffsfahrt (z.B. Passagier- und Kreuzfahrtschiffe, Forschungsschiffe, Yachten) sowie Offshore und Onshore. Unser Angebot verf\u00fcgt \u00fcber eine breite Auswahl an Metall Produkten wie Wand und Decken Systeme, T\u00fcren, M\u00f6bel, ma\u00dfangefertigte Produkte f\u00fcr Marine mit speziell leichten anti-Schock L\u00f6sungen. Unsere Hauptprodukte sind MED-Zertifiziert. [&hellip;]<\/p>\n","protected":false},"author":1,"featured_media":0,"parent":0,"menu_order":0,"comment_status":"closed","ping_status":"closed","template":"","meta":{"footnotes":""},"class_list":["post-2123","page","type-page","status-publish","hentry"],"yoast_head":"<!-- This site is optimized with the Yoast SEO plugin v27.0 - https:\/\/yoast.com\/product\/yoast-seo-wordpress\/ -->\n<title>\u00dcBER UNS - FAMOS MARINE INTERIOR SYSTEMS<\/title>\n<meta name=\"robots\" content=\"index, follow, max-snippet:-1, max-image-preview:large, max-video-preview:-1\" \/>\n<link rel=\"canonical\" href=\"https:\/\/sec-systems.pl\/about-us\/\" \/>\n<meta property=\"og:locale\" content=\"de_DE\" \/>\n<meta property=\"og:type\" content=\"article\" \/>\n<meta property=\"og:title\" content=\"\u00dcBER UNS - FAMOS MARINE INTERIOR SYSTEMS\" \/>\n<meta property=\"og:description\" content=\"\u00dcBER UNS FAMOS MARINE INTERIOR SYSTEMS ist der f\u00fchrende Hersteller von Inneneinrichtungssystemen f\u00fcr Marine, Schiffsfahrt (z.B. Passagier- und Kreuzfahrtschiffe, Forschungsschiffe, Yachten) sowie Offshore und Onshore. Unser Angebot verf\u00fcgt \u00fcber eine breite Auswahl an Metall Produkten wie Wand und Decken Systeme, T\u00fcren, M\u00f6bel, ma\u00dfangefertigte Produkte f\u00fcr Marine mit speziell leichten anti-Schock L\u00f6sungen. Unsere Hauptprodukte sind MED-Zertifiziert. [&hellip;]\" \/>\n<meta property=\"og:url\" content=\"https:\/\/sec-systems.pl\/about-us\/\" \/>\n<meta property=\"og:site_name\" content=\"FAMOS MARINE INTERIOR SYSTEMS\" \/>\n<meta property=\"article:modified_time\" content=\"2026-02-05T12:25:29+00:00\" \/>\n<meta name=\"twitter:card\" content=\"summary_large_image\" \/>\n<meta name=\"twitter:label1\" content=\"Gesch\u00e4tzte Lesezeit\" \/>\n\t<meta name=\"twitter:data1\" content=\"1\u00a0Minute\" \/>\n<script type=\"application\/ld+json\" class=\"yoast-schema-graph\">{\"@context\":\"https:\/\/schema.org\",\"@graph\":[{\"@type\":\"WebPage\",\"@id\":\"https:\/\/sec-systems.pl\/about-us\/\",\"url\":\"https:\/\/sec-systems.pl\/about-us\/\",\"name\":\"\u00dcBER UNS - FAMOS MARINE INTERIOR SYSTEMS\",\"isPartOf\":{\"@id\":\"https:\/\/sec-systems.pl\/#website\"},\"datePublished\":\"2023-10-03T17:58:08+00:00\",\"dateModified\":\"2026-02-05T12:25:29+00:00\",\"breadcrumb\":{\"@id\":\"https:\/\/sec-systems.pl\/about-us\/#breadcrumb\"},\"inLanguage\":\"de\",\"potentialAction\":[{\"@type\":\"ReadAction\",\"target\":[\"https:\/\/sec-systems.pl\/about-us\/\"]}]},{\"@type\":\"BreadcrumbList\",\"@id\":\"https:\/\/sec-systems.pl\/about-us\/#breadcrumb\",\"itemListElement\":[{\"@type\":\"ListItem\",\"position\":1,\"name\":\"Home\",\"item\":\"https:\/\/sec-systems.pl\/\"},{\"@type\":\"ListItem\",\"position\":2,\"name\":\"\u00dcBER UNS\"}]},{\"@type\":\"WebSite\",\"@id\":\"https:\/\/sec-systems.pl\/#website\",\"url\":\"https:\/\/sec-systems.pl\/\",\"name\":\"FAMOS MARINE INTERIOR SYSTEMS\",\"description\":\"\",\"publisher\":{\"@id\":\"https:\/\/sec-systems.pl\/#organization\"},\"potentialAction\":[{\"@type\":\"SearchAction\",\"target\":{\"@type\":\"EntryPoint\",\"urlTemplate\":\"https:\/\/sec-systems.pl\/?s={search_term_string}\"},\"query-input\":{\"@type\":\"PropertyValueSpecification\",\"valueRequired\":true,\"valueName\":\"search_term_string\"}}],\"inLanguage\":\"de\"},{\"@type\":\"Organization\",\"@id\":\"https:\/\/sec-systems.pl\/#organization\",\"name\":\"FAMOS MARINE INTERIOR SYSTEMS\",\"url\":\"https:\/\/sec-systems.pl\/\",\"logo\":{\"@type\":\"ImageObject\",\"inLanguage\":\"de\",\"@id\":\"https:\/\/sec-systems.pl\/#\/schema\/logo\/image\/\",\"url\":\"https:\/\/sec-systems.pl\/wp-content\/uploads\/2021\/10\/logo_sec_uc.png\",\"contentUrl\":\"https:\/\/sec-systems.pl\/wp-content\/uploads\/2021\/10\/logo_sec_uc.png\",\"width\":300,\"height\":200,\"caption\":\"FAMOS MARINE INTERIOR SYSTEMS\"},\"image\":{\"@id\":\"https:\/\/sec-systems.pl\/#\/schema\/logo\/image\/\"}}]}<\/script>\n<!-- \/ Yoast SEO plugin. -->","yoast_head_json":{"title":"\u00dcBER UNS - FAMOS MARINE INTERIOR SYSTEMS","robots":{"index":"index","follow":"follow","max-snippet":"max-snippet:-1","max-image-preview":"max-image-preview:large","max-video-preview":"max-video-preview:-1"},"canonical":"https:\/\/sec-systems.pl\/about-us\/","og_locale":"de_DE","og_type":"article","og_title":"\u00dcBER UNS - FAMOS MARINE INTERIOR SYSTEMS","og_description":"\u00dcBER UNS FAMOS MARINE INTERIOR SYSTEMS ist der f\u00fchrende Hersteller von Inneneinrichtungssystemen f\u00fcr Marine, Schiffsfahrt (z.B. Passagier- und Kreuzfahrtschiffe, Forschungsschiffe, Yachten) sowie Offshore und Onshore. Unser Angebot verf\u00fcgt \u00fcber eine breite Auswahl an Metall Produkten wie Wand und Decken Systeme, T\u00fcren, M\u00f6bel, ma\u00dfangefertigte Produkte f\u00fcr Marine mit speziell leichten anti-Schock L\u00f6sungen. Unsere Hauptprodukte sind MED-Zertifiziert. [&hellip;]","og_url":"https:\/\/sec-systems.pl\/about-us\/","og_site_name":"FAMOS MARINE INTERIOR SYSTEMS","article_modified_time":"2026-02-05T12:25:29+00:00","twitter_card":"summary_large_image","twitter_misc":{"Gesch\u00e4tzte Lesezeit":"1\u00a0Minute"},"schema":{"@context":"https:\/\/schema.org","@graph":[{"@type":"WebPage","@id":"https:\/\/sec-systems.pl\/about-us\/","url":"https:\/\/sec-systems.pl\/about-us\/","name":"\u00dcBER UNS - FAMOS MARINE INTERIOR SYSTEMS","isPartOf":{"@id":"https:\/\/sec-systems.pl\/#website"},"datePublished":"2023-10-03T17:58:08+00:00","dateModified":"2026-02-05T12:25:29+00:00","breadcrumb":{"@id":"https:\/\/sec-systems.pl\/about-us\/#breadcrumb"},"inLanguage":"de","potentialAction":[{"@type":"ReadAction","target":["https:\/\/sec-systems.pl\/about-us\/"]}]},{"@type":"BreadcrumbList","@id":"https:\/\/sec-systems.pl\/about-us\/#breadcrumb","itemListElement":[{"@type":"ListItem","position":1,"name":"Home","item":"https:\/\/sec-systems.pl\/"},{"@type":"ListItem","position":2,"name":"\u00dcBER UNS"}]},{"@type":"WebSite","@id":"https:\/\/sec-systems.pl\/#website","url":"https:\/\/sec-systems.pl\/","name":"FAMOS MARINE INTERIOR SYSTEMS","description":"","publisher":{"@id":"https:\/\/sec-systems.pl\/#organization"},"potentialAction":[{"@type":"SearchAction","target":{"@type":"EntryPoint","urlTemplate":"https:\/\/sec-systems.pl\/?s={search_term_string}"},"query-input":{"@type":"PropertyValueSpecification","valueRequired":true,"valueName":"search_term_string"}}],"inLanguage":"de"},{"@type":"Organization","@id":"https:\/\/sec-systems.pl\/#organization","name":"FAMOS MARINE INTERIOR SYSTEMS","url":"https:\/\/sec-systems.pl\/","logo":{"@type":"ImageObject","inLanguage":"de","@id":"https:\/\/sec-systems.pl\/#\/schema\/logo\/image\/","url":"https:\/\/sec-systems.pl\/wp-content\/uploads\/2021\/10\/logo_sec_uc.png","contentUrl":"https:\/\/sec-systems.pl\/wp-content\/uploads\/2021\/10\/logo_sec_uc.png","width":300,"height":200,"caption":"FAMOS MARINE INTERIOR SYSTEMS"},"image":{"@id":"https:\/\/sec-systems.pl\/#\/schema\/logo\/image\/"}}]}},"_links":{"self":[{"href":"https:\/\/sec-systems.pl\/de\/wp-json\/wp\/v2\/pages\/2123","targetHints":{"allow":["GET"]}}],"collection":[{"href":"https:\/\/sec-systems.pl\/de\/wp-json\/wp\/v2\/pages"}],"about":[{"href":"https:\/\/sec-systems.pl\/de\/wp-json\/wp\/v2\/types\/page"}],"author":[{"embeddable":true,"href":"https:\/\/sec-systems.pl\/de\/wp-json\/wp\/v2\/users\/1"}],"replies":[{"embeddable":true,"href":"https:\/\/sec-systems.pl\/de\/wp-json\/wp\/v2\/comments?post=2123"}],"version-history":[{"count":10,"href":"https:\/\/sec-systems.pl\/de\/wp-json\/wp\/v2\/pages\/2123\/revisions"}],"predecessor-version":[{"id":4577,"href":"https:\/\/sec-systems.pl\/de\/wp-json\/wp\/v2\/pages\/2123\/revisions\/4577"}],"wp:attachment":[{"href":"https:\/\/sec-systems.pl\/de\/wp-json\/wp\/v2\/media?parent=2123"}],"curies":[{"name":"wp","href":"https:\/\/api.w.org\/{rel}","templated":true}]}}